{"id":15409,"date":"2023-03-07T10:25:26","date_gmt":"2023-03-07T15:25:26","guid":{"rendered":"https:\/\/ompabogados.com\/web\/?page_id=15409"},"modified":"2023-05-05T09:09:59","modified_gmt":"2023-05-05T14:09:59","slug":"contacto","status":"publish","type":"page","link":"https:\/\/ompabogados.com\/web\/contacto\/","title":{"rendered":"Contacto"},"content":{"rendered":"<section class=\"wpb-content-wrapper\"><p>[vc_row full_width=&#8221;default_no_spaces&#8221; css=&#8221;.vc_custom_1680304785942{margin-top: 5% !important;margin-bottom: 5% !important;background-image: url(https:\/\/ompabogados.com\/web\/wp-content\/uploads\/2023\/03\/Group-165-3.png?id=15931) !important;background-position: center !important;background-repeat: no-repeat !important;background-size: contain !important;border-radius: 10px !important;}&#8221;][vc_column width=&#8221;1\/3&#8243; css=&#8221;.vc_custom_1679931045775{margin-top: 5% !important;margin-bottom: 5% !important;}&#8221;][vc_single_image image=&#8221;16707&#8243; img_size=&#8221;full&#8221; css=&#8221;.vc_custom_1683295487392{margin-top: 10% !important;}&#8221;][vc_column_text]<\/p>\n<p><a style=\"margin-left: 5px;\" href=\"https:\/\/es-es.facebook.com\/people\/OMP-Abogados\/100054283746706\/\" target=\"_blank\" rel=\"noopener\"><img loading=\"lazy\" decoding=\"async\" class=\"alignnone size-medium wp-image-16709\" src=\"https:\/\/ompabogados.com\/web\/wp-content\/uploads\/2023\/05\/\ud83e\udd86-icon-_Facebook-v1_.png\" alt=\"\" width=\"29\" height=\"29\" \/><\/a><a style=\"float: left; margin-left: 5px;\" href=\"https:\/\/www.linkedin.com\/company\/ompabogados\/\" target=\"_blank\" rel=\"noopener\"><img loading=\"lazy\" decoding=\"async\" class=\"alignnone size-medium wp-image-16710\" src=\"https:\/\/ompabogados.com\/web\/wp-content\/uploads\/2023\/05\/Group-237.png\" alt=\"\" width=\"29\" height=\"29\" \/><\/a><a style=\"float: left; margin-left: 5px;\" href=\"https:\/\/twitter.com\/AbogadosOmp\" target=\"_blank\" rel=\"noopener\"><img loading=\"lazy\" decoding=\"async\" class=\"alignnone size-medium wp-image-16711\" src=\"https:\/\/ompabogados.com\/web\/wp-content\/uploads\/2023\/05\/Group-149-1.png\" alt=\"\" width=\"30\" height=\"29\" \/><\/a><\/p>\n<p>[\/vc_column_text][vc_single_image image=&#8221;16708&#8243; img_size=&#8221;full&#8221;][\/vc_column][vc_column width=&#8221;2\/3&#8243; css=&#8221;.vc_custom_1679931039383{margin-top: 5% !important;margin-bottom: 5% !important;margin-left: 20px !important;}&#8221;]\n<div class=\"wpcf7 no-js\" id=\"wpcf7-f15733-o1\" lang=\"es-CO\" dir=\"ltr\">\n<div class=\"screen-reader-response\"><p role=\"status\" aria-live=\"polite\" aria-atomic=\"true\"><\/p> <ul><\/ul><\/div>\n<form action=\"\/web\/wp-json\/wp\/v2\/pages\/15409#wpcf7-f15733-o1\" method=\"post\" class=\"wpcf7-form init\" aria-label=\"Formulario de contacto\" novalidate=\"novalidate\" data-status=\"init\">\n<div style=\"display: none;\">\n<input type=\"hidden\" name=\"_wpcf7\" value=\"15733\" \/>\n<input type=\"hidden\" name=\"_wpcf7_version\" value=\"5.7.7\" \/>\n<input type=\"hidden\" name=\"_wpcf7_locale\" value=\"es_CO\" \/>\n<input type=\"hidden\" name=\"_wpcf7_unit_tag\" value=\"wpcf7-f15733-o1\" \/>\n<input type=\"hidden\" name=\"_wpcf7_container_post\" value=\"0\" \/>\n<input type=\"hidden\" name=\"_wpcf7_posted_data_hash\" value=\"\" \/>\n<\/div>\n<center>\n\t<p><strong> <\/strong>\n\t<\/p>\n\t<h2 style=\"margin-top:30px;color:white; font-size:40px;\">Cont\u00e1ctanos\n\t<\/h2>\n\t<p><strong><\/strong>\n\t<\/p>\n<\/center>\n<div id=\"columnaprimera\">\n\t<p><label> Nombre<br \/>\n<span class=\"wpcf7-form-control-wrap\" data-name=\"your-name\"><input size=\"40\" class=\"wpcf7-form-control wpcf7-text wpcf7-validates-as-required\" autocomplete=\"name\" aria-required=\"true\" aria-invalid=\"false\" value=\"\" type=\"text\" name=\"your-name\" \/><\/span> <\/label>\n\t<\/p>\n\t<p><label> Telefono<br \/>\n<span class=\"wpcf7-form-control-wrap\" data-name=\"your-subject\"><input size=\"40\" class=\"wpcf7-form-control wpcf7-text wpcf7-validates-as-required\" aria-required=\"true\" aria-invalid=\"false\" value=\"\" type=\"text\" name=\"your-subject\" \/><\/span> <\/label><br \/>\n<label> Asunto<br \/>\n<span class=\"wpcf7-form-control-wrap\" data-name=\"asunto\"><input size=\"40\" class=\"wpcf7-form-control wpcf7-text wpcf7-validates-as-required\" aria-required=\"true\" aria-invalid=\"false\" value=\"\" type=\"text\" name=\"asunto\" \/><\/span> <\/label>\n\t<\/p>\n<\/div>\n<div id=\"columnasegundo\">\n\t<p><label> Apellidos<br \/>\n<span class=\"wpcf7-form-control-wrap\" data-name=\"apellidos\"><input size=\"40\" class=\"wpcf7-form-control wpcf7-text wpcf7-validates-as-required\" aria-required=\"true\" aria-invalid=\"false\" value=\"\" type=\"text\" name=\"apellidos\" \/><\/span> <\/label>\n\t<\/p>\n\t<p><label> Email<br \/>\n<span class=\"wpcf7-form-control-wrap\" data-name=\"your-email\"><input size=\"40\" class=\"wpcf7-form-control wpcf7-text wpcf7-email wpcf7-validates-as-required wpcf7-validates-as-email\" aria-required=\"true\" aria-invalid=\"false\" value=\"\" type=\"email\" name=\"your-email\" \/><\/span> <\/label>\n\t<\/p>\n\t<p><label> Mensaje<br \/>\n<span class=\"wpcf7-form-control-wrap\" data-name=\"mensaje\"><input size=\"40\" class=\"wpcf7-form-control wpcf7-text wpcf7-validates-as-required\" autocomplete=\"name\" aria-required=\"true\" aria-invalid=\"false\" value=\"\" type=\"text\" name=\"mensaje\" \/><\/span> <\/label>\n\t<\/p>\n<\/div>\n<center>\n\t<p><label> <span class=\"wpcf7-form-control-wrap\" data-name=\"checkbox-376\"><span class=\"wpcf7-form-control wpcf7-checkbox wpcf7-validates-as-required\"><span class=\"wpcf7-list-item first last\"><label><input type=\"checkbox\" name=\"checkbox-376[]\" value=\"He le\u00eddo y acepto la\" \/><span class=\"wpcf7-list-item-label\">He le\u00eddo y acepto la<\/span><\/label><\/span><\/span><\/span><a href=\"https:\/\/ompabogados.com\/web\/privacy-policy\/\" id=\"linkpolitica\">pol\u00edtica de privacidad<\/a><\/label>\n\t<\/p>\n<\/center>\n<center>\n\t<p><input class=\"wpcf7-form-control has-spinner wpcf7-submit\" type=\"submit\" value=\"Enviar\" \/>\n\t<\/p>\n<\/center>\n<style>\ninput[type=\"text\"],input[type=\"email\"]{\nbackground:#303234; \ncolor:#white;\nborder-top-color:#303234 ;\nborder-left-color:#303234 ;\nborder-right-color:#303234 ;\n\n}\nlabel{color:white}\n#columnaprimera,#columnasegundo{\nfloat: left;\n\tposition: relative;\n\tpadding: 0.65rem;\n\twidth:50%;\n\n} \ninput[type=\"submit\"]{ \nborder:solid 1px !important;\nborder-color:#F18D35 !important;\nmargin-left:60px; \nmargin-top:60px; \nmargin-bottom:20px;\n}\n#politicaprivacidad{\ncolor:#F18D35; \n}\n#linkpolitica{\ntext-decoration: underline;\ncolor:orange;\n}\n\n@media only screen and (max-width: 600px) {\n .vc_custom_1680304785942 {\n background-size: cover!important;\n }\n}\n<\/style><div class=\"wpcf7-response-output\" aria-hidden=\"true\"><\/div>\n<\/form>\n<\/div>\n[\/vc_column][\/vc_row]<\/p>\n<\/section>","protected":false},"excerpt":{"rendered":"<p>[vc_row full_width=&#8221;default_no_spaces&#8221; css=&#8221;.vc_custom_1680304785942{margin-top: 5% !important;margin-bottom: 5% !important;background-image: url(https:\/\/ompabogados.com\/web\/wp-content\/uploads\/2023\/03\/Group-165-3.png?id=15931) !important;background-position: center !important;background-repeat: no-repeat !important;background-size: contain !important;border-radius: 10px !important;}&#8221;][vc_column width=&#8221;1\/3&#8243; css=&#8221;.vc_custom_1679931045775{margin-top: 5% !important;margin-bottom: 5% !important;}&#8221;][vc_single_image image=&#8221;16707&#8243; img_size=&#8221;full&#8221; css=&#8221;.vc_custom_1683295487392{margin-top: 10% !important;}&#8221;][vc_column_text] [\/vc_column_text][vc_single_image image=&#8221;16708&#8243; img_size=&#8221;full&#8221;][\/vc_column][vc_column width=&#8221;2\/3&#8243; css=&#8221;.vc_custom_1679931039383{margin-top: 5% !important;margin-bottom: 5% !important;margin-left: 20px !important;}&#8221;][\/vc_column][\/vc_row]<\/p>\n","protected":false},"author":2,"featured_media":0,"parent":0,"menu_order":0,"comment_status":"closed","ping_status":"closed","template":"","meta":{"_joinchat":[],"footnotes":""},"yoast_head":"<!-- This site is optimized with the Yoast SEO plugin v20.8 - https:\/\/yoast.com\/wordpress\/plugins\/seo\/ -->\n<title>Contacto - OMP<\/title>\n<meta name=\"robots\" content=\"index, follow, max-snippet:-1, max-image-preview:large, max-video-preview:-1\" \/>\n<link rel=\"canonical\" href=\"https:\/\/ompabogados.com\/web\/contacto\/\" \/>\n<meta property=\"og:locale\" content=\"es_ES\" \/>\n<meta property=\"og:type\" content=\"article\" \/>\n<meta property=\"og:title\" content=\"Contacto - OMP\" \/>\n<meta property=\"og:description\" content=\"[vc_row full_width=&#8221;default_no_spaces&#8221; css=&#8221;.vc_custom_1680304785942{margin-top: 5% !important;margin-bottom: 5% !important;background-image: url(https:\/\/ompabogados.com\/web\/wp-content\/uploads\/2023\/03\/Group-165-3.png?id=15931) !important;background-position: center !important;background-repeat: no-repeat !important;background-size: contain !important;border-radius: 10px !important;}&#8221;][vc_column width=&#8221;1\/3&#8243; css=&#8221;.vc_custom_1679931045775{margin-top: 5% !important;margin-bottom: 5% !important;}&#8221;][vc_single_image image=&#8221;16707&#8243; img_size=&#8221;full&#8221; css=&#8221;.vc_custom_1683295487392{margin-top: 10% !important;}&#8221;][vc_column_text] [\/vc_column_text][vc_single_image image=&#8221;16708&#8243; img_size=&#8221;full&#8221;][\/vc_column][vc_column width=&#8221;2\/3&#8243; css=&#8221;.vc_custom_1679931039383{margin-top: 5% !important;margin-bottom: 5% !important;margin-left: 20px !important;}&#8221;][\/vc_column][\/vc_row]\" \/>\n<meta property=\"og:url\" content=\"https:\/\/ompabogados.com\/web\/contacto\/\" \/>\n<meta property=\"og:site_name\" content=\"OMP\" \/>\n<meta property=\"article:publisher\" content=\"https:\/\/www.facebook.com\/people\/OMP-Abogados\/100054283746706\/\" \/>\n<meta property=\"article:modified_time\" content=\"2023-05-05T14:09:59+00:00\" \/>\n<meta property=\"og:image\" content=\"https:\/\/ompabogados.com\/web\/wp-content\/uploads\/2023\/05\/Group-237.png\" \/>\n<meta name=\"twitter:card\" content=\"summary_large_image\" \/>\n<script type=\"application\/ld+json\" class=\"yoast-schema-graph\">{\"@context\":\"https:\/\/schema.org\",\"@graph\":[{\"@type\":\"WebPage\",\"@id\":\"https:\/\/ompabogados.com\/web\/contacto\/\",\"url\":\"https:\/\/ompabogados.com\/web\/contacto\/\",\"name\":\"Contacto - OMP\",\"isPartOf\":{\"@id\":\"https:\/\/ompabogados.com\/web\/#website\"},\"datePublished\":\"2023-03-07T15:25:26+00:00\",\"dateModified\":\"2023-05-05T14:09:59+00:00\",\"breadcrumb\":{\"@id\":\"https:\/\/ompabogados.com\/web\/contacto\/#breadcrumb\"},\"inLanguage\":\"es-CO\",\"potentialAction\":[{\"@type\":\"ReadAction\",\"target\":[\"https:\/\/ompabogados.com\/web\/contacto\/\"]}]},{\"@type\":\"BreadcrumbList\",\"@id\":\"https:\/\/ompabogados.com\/web\/contacto\/#breadcrumb\",\"itemListElement\":[{\"@type\":\"ListItem\",\"position\":1,\"name\":\"Inicio\",\"item\":\"https:\/\/ompabogados.com\/web\/\"},{\"@type\":\"ListItem\",\"position\":2,\"name\":\"Contacto\"}]},{\"@type\":\"WebSite\",\"@id\":\"https:\/\/ompabogados.com\/web\/#website\",\"url\":\"https:\/\/ompabogados.com\/web\/\",\"name\":\"OMP\",\"description\":\"En OMP Abogados, con m\u00e1s de 40 a\u00f1os de experiencia, somos su aliado legal en derecho de seguros. Nos especializamos en brindar asesor\u00eda eficiente a aseguradoras en sectores como transporte, salud e industria. Gracias a nuestra trayectoria y al uso de tecnolog\u00edas avanzadas, garantizamos un servicio transparente y enfocado en la resoluci\u00f3n de conflictos.\",\"publisher\":{\"@id\":\"https:\/\/ompabogados.com\/web\/#organization\"},\"potentialAction\":[{\"@type\":\"SearchAction\",\"target\":{\"@type\":\"EntryPoint\",\"urlTemplate\":\"https:\/\/ompabogados.com\/web\/?s={search_term_string}\"},\"query-input\":\"required name=search_term_string\"}],\"inLanguage\":\"es-CO\"},{\"@type\":\"Organization\",\"@id\":\"https:\/\/ompabogados.com\/web\/#organization\",\"name\":\"OMP\",\"url\":\"https:\/\/ompabogados.com\/web\/\",\"logo\":{\"@type\":\"ImageObject\",\"inLanguage\":\"es-CO\",\"@id\":\"https:\/\/ompabogados.com\/web\/#\/schema\/logo\/image\/\",\"url\":\"https:\/\/ompabogados.com\/web\/wp-content\/uploads\/2018\/10\/cropped-logo-1.png\",\"contentUrl\":\"https:\/\/ompabogados.com\/web\/wp-content\/uploads\/2018\/10\/cropped-logo-1.png\",\"width\":512,\"height\":512,\"caption\":\"OMP\"},\"image\":{\"@id\":\"https:\/\/ompabogados.com\/web\/#\/schema\/logo\/image\/\"},\"sameAs\":[\"https:\/\/www.facebook.com\/people\/OMP-Abogados\/100054283746706\/\"]}]}<\/script>\n<!-- \/ Yoast SEO plugin. -->","yoast_head_json":{"title":"Contacto - OMP","robots":{"index":"index","follow":"follow","max-snippet":"max-snippet:-1","max-image-preview":"max-image-preview:large","max-video-preview":"max-video-preview:-1"},"canonical":"https:\/\/ompabogados.com\/web\/contacto\/","og_locale":"es_ES","og_type":"article","og_title":"Contacto - OMP","og_description":"[vc_row full_width=&#8221;default_no_spaces&#8221; css=&#8221;.vc_custom_1680304785942{margin-top: 5% !important;margin-bottom: 5% !important;background-image: url(https:\/\/ompabogados.com\/web\/wp-content\/uploads\/2023\/03\/Group-165-3.png?id=15931) !important;background-position: center !important;background-repeat: no-repeat !important;background-size: contain !important;border-radius: 10px !important;}&#8221;][vc_column width=&#8221;1\/3&#8243; css=&#8221;.vc_custom_1679931045775{margin-top: 5% !important;margin-bottom: 5% !important;}&#8221;][vc_single_image image=&#8221;16707&#8243; img_size=&#8221;full&#8221; css=&#8221;.vc_custom_1683295487392{margin-top: 10% !important;}&#8221;][vc_column_text] [\/vc_column_text][vc_single_image image=&#8221;16708&#8243; img_size=&#8221;full&#8221;][\/vc_column][vc_column width=&#8221;2\/3&#8243; css=&#8221;.vc_custom_1679931039383{margin-top: 5% !important;margin-bottom: 5% !important;margin-left: 20px !important;}&#8221;][\/vc_column][\/vc_row]","og_url":"https:\/\/ompabogados.com\/web\/contacto\/","og_site_name":"OMP","article_publisher":"https:\/\/www.facebook.com\/people\/OMP-Abogados\/100054283746706\/","article_modified_time":"2023-05-05T14:09:59+00:00","og_image":[{"url":"https:\/\/ompabogados.com\/web\/wp-content\/uploads\/2023\/05\/Group-237.png"}],"twitter_card":"summary_large_image","schema":{"@context":"https:\/\/schema.org","@graph":[{"@type":"WebPage","@id":"https:\/\/ompabogados.com\/web\/contacto\/","url":"https:\/\/ompabogados.com\/web\/contacto\/","name":"Contacto - OMP","isPartOf":{"@id":"https:\/\/ompabogados.com\/web\/#website"},"datePublished":"2023-03-07T15:25:26+00:00","dateModified":"2023-05-05T14:09:59+00:00","breadcrumb":{"@id":"https:\/\/ompabogados.com\/web\/contacto\/#breadcrumb"},"inLanguage":"es-CO","potentialAction":[{"@type":"ReadAction","target":["https:\/\/ompabogados.com\/web\/contacto\/"]}]},{"@type":"BreadcrumbList","@id":"https:\/\/ompabogados.com\/web\/contacto\/#breadcrumb","itemListElement":[{"@type":"ListItem","position":1,"name":"Inicio","item":"https:\/\/ompabogados.com\/web\/"},{"@type":"ListItem","position":2,"name":"Contacto"}]},{"@type":"WebSite","@id":"https:\/\/ompabogados.com\/web\/#website","url":"https:\/\/ompabogados.com\/web\/","name":"OMP","description":"En OMP Abogados, con m\u00e1s de 40 a\u00f1os de experiencia, somos su aliado legal en derecho de seguros. Nos especializamos en brindar asesor\u00eda eficiente a aseguradoras en sectores como transporte, salud e industria. Gracias a nuestra trayectoria y al uso de tecnolog\u00edas avanzadas, garantizamos un servicio transparente y enfocado en la resoluci\u00f3n de conflictos.","publisher":{"@id":"https:\/\/ompabogados.com\/web\/#organization"},"potentialAction":[{"@type":"SearchAction","target":{"@type":"EntryPoint","urlTemplate":"https:\/\/ompabogados.com\/web\/?s={search_term_string}"},"query-input":"required name=search_term_string"}],"inLanguage":"es-CO"},{"@type":"Organization","@id":"https:\/\/ompabogados.com\/web\/#organization","name":"OMP","url":"https:\/\/ompabogados.com\/web\/","logo":{"@type":"ImageObject","inLanguage":"es-CO","@id":"https:\/\/ompabogados.com\/web\/#\/schema\/logo\/image\/","url":"https:\/\/ompabogados.com\/web\/wp-content\/uploads\/2018\/10\/cropped-logo-1.png","contentUrl":"https:\/\/ompabogados.com\/web\/wp-content\/uploads\/2018\/10\/cropped-logo-1.png","width":512,"height":512,"caption":"OMP"},"image":{"@id":"https:\/\/ompabogados.com\/web\/#\/schema\/logo\/image\/"},"sameAs":["https:\/\/www.facebook.com\/people\/OMP-Abogados\/100054283746706\/"]}]}},"_links":{"self":[{"href":"https:\/\/ompabogados.com\/web\/wp-json\/wp\/v2\/pages\/15409"}],"collection":[{"href":"https:\/\/ompabogados.com\/web\/wp-json\/wp\/v2\/pages"}],"about":[{"href":"https:\/\/ompabogados.com\/web\/wp-json\/wp\/v2\/types\/page"}],"author":[{"embeddable":true,"href":"https:\/\/ompabogados.com\/web\/wp-json\/wp\/v2\/users\/2"}],"replies":[{"embeddable":true,"href":"https:\/\/ompabogados.com\/web\/wp-json\/wp\/v2\/comments?post=15409"}],"version-history":[{"count":26,"href":"https:\/\/ompabogados.com\/web\/wp-json\/wp\/v2\/pages\/15409\/revisions"}],"predecessor-version":[{"id":16716,"href":"https:\/\/ompabogados.com\/web\/wp-json\/wp\/v2\/pages\/15409\/revisions\/16716"}],"wp:attachment":[{"href":"https:\/\/ompabogados.com\/web\/wp-json\/wp\/v2\/media?parent=15409"}],"curies":[{"name":"wp","href":"https:\/\/api.w.org\/{rel}","templated":true}]}}