{"id":15543,"date":"2023-03-16T16:17:44","date_gmt":"2023-03-16T21:17:44","guid":{"rendered":"https:\/\/ompabogados.com\/web\/?page_id=15543"},"modified":"2025-09-05T11:14:09","modified_gmt":"2025-09-05T16:14:09","slug":"la-firma","status":"publish","type":"page","link":"https:\/\/ompabogados.com\/web\/la-firma\/","title":{"rendered":"La Firma"},"content":{"rendered":"<section class=\"wpb-content-wrapper\"><p>[vc_row content_placement=&#8221;middle&#8221; css=&#8221;.vc_custom_1757088600700{padding-top: 80px !important;padding-bottom: 120px !important;}&#8221;][vc_column width=&#8221;1\/2&#8243;][vc_custom_heading text=&#8221;Conoce<br \/>\n<strong>Nuestra<\/strong><br \/>\n<strong>Historia<\/strong>&#8221; font_container=&#8221;tag:h1|font_size:72|text_align:center|line_height:0.8&#8243; google_fonts=&#8221;font_family:Roboto%3A100%2C100italic%2C300%2C300italic%2Cregular%2Citalic%2C500%2C500italic%2C700%2C700italic%2C900%2C900italic|font_style:400%20regular%3A400%3Anormal&#8221;][\/vc_column][vc_column width=&#8221;1\/2&#8243;][vc_column_text addstyles=&#8221;font-size: 16px; line-height: 1.5; color: black;&#8221;]OMP ABOGADOS nace en 1982 de la mano de la abogada Olfa Mar\u00eda P\u00e9rez Orellanos, quien ha hecho parte de la historia de empresas ampliamente reconocidas a nivel nacional, destac\u00e1ndose por su compromiso, calidez y cercan\u00eda en la prestaci\u00f3n de servicios jur\u00eddicos.[\/vc_column_text][\/vc_column][\/vc_row][vc_row content_placement=&#8221;middle&#8221; css=&#8221;.vc_custom_1757088841652{margin-bottom: 0px !important;padding-top: -20px !important;background-color: rgba(209,209,209,0.01) !important;*background-color: rgb(209,209,209) !important;}&#8221;][vc_column width=&#8221;1\/3&#8243;][vc_column_text addstyles=&#8221;font-size: 14px; line-height: 1.5; color: black;&#8221;]La abogada Olfa Mar\u00eda P\u00e9rez Orellanos funda OMP Abogados en Barranquilla, consolidando una firma comprometida con la calidez, cercan\u00eda y excelencia en la prestaci\u00f3n de servicios jur\u00eddicos. Desde sus inicios, OMP Abogados se ha destacado por su dedicaci\u00f3n a representar y asesorar a empresas de renombre nacional.[\/vc_column_text][\/vc_column][vc_column width=&#8221;1\/3&#8243; css=&#8221;.vc_custom_1750821676949{margin-top: -80px !important;margin-bottom: 0px !important;}&#8221;][vc_single_image image=&#8221;17918&#8243; img_size=&#8221;200&#215;260&#8243; alignment=&#8221;center&#8221; css=&#8221;.vc_custom_1750821618566{margin-bottom: 0px !important;}&#8221;][\/vc_column][vc_column width=&#8221;1\/3&#8243;][\/vc_column][\/vc_row][vc_row content_placement=&#8221;middle&#8221; css=&#8221;.vc_custom_1734487855669{background-color: rgba(209,209,209,0.01) !important;*background-color: rgb(209,209,209) !important;}&#8221;][vc_column width=&#8221;1\/3&#8243;][\/vc_column][vc_column width=&#8221;1\/3&#8243;][vc_single_image image=&#8221;17919&#8243; img_size=&#8221;200&#215;260&#8243; alignment=&#8221;center&#8221; css=&#8221;.vc_custom_1750821145151{margin-bottom: 0px !important;}&#8221;][\/vc_column][vc_column width=&#8221;1\/3&#8243;][vc_column_text addstyles=&#8221;font-size: 14px; line-height: 1.5; color: black;&#8221;]Se constituye la sociedad OMP Abogados S.A.S., consolid\u00e1ndose con una estructura empresarial moderna, que permite una organizaci\u00f3n interna m\u00e1s robusta. A partir de este a\u00f1o, la firma experimenta un crecimiento notable, no solo en el n\u00famero de clientes, sino tambi\u00e9n en el personal, garantizando siempre la calidad del servicio.[\/vc_column_text][\/vc_column][\/vc_row][vc_row content_placement=&#8221;middle&#8221; css=&#8221;.vc_custom_1734487855669{background-color: rgba(209,209,209,0.01) !important;*background-color: rgb(209,209,209) !important;}&#8221;][vc_column width=&#8221;1\/3&#8243;][vc_column_text addstyles=&#8221;font-size: 14px; line-height: 1.5; color: black;&#8221;]OMP Abogados es reconocida en los Premios Legal Marcom que se entregaron en Madrid, Espa\u00f1a, como la firma m\u00e1s atractiva para el talento en Latinoam\u00e9rica, reafirmando nuestro compromiso con el desarrollo y bienestar de nuestro equipo.[\/vc_column_text][\/vc_column][vc_column width=&#8221;1\/3&#8243;][vc_single_image image=&#8221;17920&#8243; img_size=&#8221;200&#215;260&#8243; alignment=&#8221;center&#8221; css=&#8221;.vc_custom_1750821179104{margin-bottom: 0px !important;}&#8221;][\/vc_column][vc_column width=&#8221;1\/3&#8243;][\/vc_column][\/vc_row][vc_row content_placement=&#8221;middle&#8221; css=&#8221;.vc_custom_1734487855669{background-color: rgba(209,209,209,0.01) !important;*background-color: rgb(209,209,209) !important;}&#8221;][vc_column width=&#8221;1\/3&#8243;][\/vc_column][vc_column width=&#8221;1\/3&#8243;][vc_single_image image=&#8221;17921&#8243; img_size=&#8221;200&#215;260&#8243; alignment=&#8221;center&#8221; css=&#8221;.vc_custom_1750821216638{margin-bottom: 0px !important;}&#8221;][\/vc_column][vc_column width=&#8221;1\/3&#8243;][vc_column_text addstyles=&#8221;font-size: 14px; line-height: 1.5; color: black;&#8221;]Recibimos la certificaci\u00f3n como Great Place to Work, gracias a nuestros esfuerzos por crear un ambiente laboral \u00f3ptimo, en el que se prioriza el desarrollo profesional y personal de nuestro equipo, consolidando un entorno de trabajo basado en la confianza y la colaboraci\u00f3n.[\/vc_column_text][\/vc_column][\/vc_row][vc_row content_placement=&#8221;middle&#8221; css=&#8221;.vc_custom_1734487855669{background-color: rgba(209,209,209,0.01) !important;*background-color: rgb(209,209,209) !important;}&#8221;][vc_column width=&#8221;1\/3&#8243;][vc_column_text addstyles=&#8221;font-size: 14px; line-height: 1.5; color: black;&#8221;]Hemos sido destacados en los rankings de Legal 500 y Leaders League, dentro de la pr\u00e1ctica de seguros, como una de las firmas l\u00edderes en Colombia, reafirmando nuestra experiencia y prestigio en el sector asegurador y nuestra capacidad para adaptarnos a los retos de la era digital.[\/vc_column_text][\/vc_column][vc_column width=&#8221;1\/3&#8243;][vc_single_image image=&#8221;17924&#8243; img_size=&#8221;230&#215;230&#8243; alignment=&#8221;center&#8221; css=&#8221;.vc_custom_1750821432305{margin-bottom: 0px !important;}&#8221;][\/vc_column][vc_column width=&#8221;1\/3&#8243;][\/vc_column][\/vc_row][vc_row full_width=&#8221;stretch_row_content&#8221; bg_type=&#8221;bg_color&#8221; css=&#8221;.vc_custom_1734968719417{padding-top: 80px !important;padding-bottom: 80px !important;}&#8221;][vc_column][vc_custom_heading text=&#8221;Reconocimientos&#8221; font_container=&#8221;tag:h2|font_size:54|text_align:center&#8221; google_fonts=&#8221;font_family:Roboto%3A100%2C100italic%2C300%2C300italic%2Cregular%2Citalic%2C500%2C500italic%2C700%2C700italic%2C900%2C900italic|font_style:700%20bold%20regular%3A700%3Anormal&#8221;][vc_single_image image=&#8221;17599&#8243; img_size=&#8221;large&#8221; alignment=&#8221;center&#8221;][\/vc_column][vc_column][\/vc_column][vc_column css=&#8221;.vc_custom_1734966366184{padding-top: 80px !important;padding-bottom: 80px !important;background-color: #1c1c1c !important;}&#8221;][vc_custom_heading text=&#8221;Valores&#8221; font_container=&#8221;tag:h2|font_size:48|text_align:center|color:%23ffffff&#8221; google_fonts=&#8221;font_family:Roboto%3A100%2C100italic%2C300%2C300italic%2Cregular%2Citalic%2C500%2C500italic%2C700%2C700italic%2C900%2C900italic|font_style:700%20bold%20regular%3A700%3Anormal&#8221;][vc_row_inner css=&#8221;.vc_custom_1753325657277{padding-right: 80px !important;padding-left: 80px !important;}&#8221;][vc_column_inner width=&#8221;1\/5&#8243;][vc_single_image image=&#8221;17955&#8243; img_size=&#8221;full&#8221;][\/vc_column_inner][vc_column_inner width=&#8221;1\/5&#8243;][vc_single_image image=&#8221;17956&#8243; img_size=&#8221;full&#8221;][\/vc_column_inner][vc_column_inner width=&#8221;1\/5&#8243;][vc_single_image image=&#8221;17957&#8243; img_size=&#8221;full&#8221;][\/vc_column_inner][vc_column_inner width=&#8221;1\/5&#8243;][vc_single_image image=&#8221;17958&#8243; img_size=&#8221;full&#8221;][\/vc_column_inner][vc_column_inner width=&#8221;1\/5&#8243;][vc_single_image image=&#8221;17959&#8243; img_size=&#8221;full&#8221;][\/vc_column_inner][\/vc_row_inner][\/vc_column][\/vc_row][vc_row full_width=&#8221;default_no_spaces&#8221; css=&#8221;.vc_custom_1734995020061{background-position: center !important;background-repeat: no-repeat !important;background-size: cover !important;}&#8221;][vc_column][vc_custom_heading text=&#8221;Plataforma estrat\u00e9gica&#8221; font_container=&#8221;tag:h2|font_size:54|text_align:center&#8221; google_fonts=&#8221;font_family:Roboto%3A100%2C100italic%2C300%2C300italic%2Cregular%2Citalic%2C500%2C500italic%2C700%2C700italic%2C900%2C900italic|font_style:700%20bold%20regular%3A700%3Anormal&#8221;][vc_column_text]<\/p>\n<p style=\"text-align: center; font-size: 22px; color: #6d6d6d; line-height: 30px; padding-left: 30px;\"><span style=\"color: #000000;\">Ser flexibles, adapt\u00e1ndonos a las necesidades que surgen de los constantes cambios en el entorno, trabajando desde el compromiso y la capacidad resolutiva y, especialmente, cuidar de nuestro equipo y nuestros clientes.<\/span><\/p>\n<p>[\/vc_column_text]<div id=\"1679085255427-3b8ff7c3-399e\" class=\"dt-sc-empty-space\"><\/div>[\/vc_column][\/vc_row][vc_row full_width=&#8221;stretch_row_content&#8221; gap=&#8221;30&#8243; bg_type=&#8221;image&#8221; parallax_style=&#8221;vcpb-default&#8221; bg_image_new=&#8221;id^17606|url^https:\/\/ompabogados.com\/web\/wp-content\/uploads\/2024\/12\/Imagen-mision-y-vision@250x-100-1.jpg|caption^null|alt^null|title^Imagen mision y vision@250x-100|description^null&#8221; bg_image_repeat=&#8221;no-repeat&#8221; css=&#8221;.vc_custom_1734994926615{padding-top: 150px !important;padding-right: 250px !important;padding-bottom: 100px !important;padding-left: 250px !important;}&#8221;][vc_column width=&#8221;1\/2&#8243;][vc_custom_heading text=&#8221;Nuestra Misi\u00f3n&#8221; font_container=&#8221;tag:h3|font_size:32|text_align:center|color:%23ffffff&#8221; google_fonts=&#8221;font_family:Roboto%3A100%2C100italic%2C300%2C300italic%2Cregular%2Citalic%2C500%2C500italic%2C700%2C700italic%2C900%2C900italic|font_style:700%20bold%20regular%3A700%3Anormal&#8221;][vc_column_text addstyles=&#8221;font-size: 20px;&#8221;]<span style=\"color: #ffffff;\">Situamos a nuestros clientes en el centro de todo lo que hacemos, ofreciendo una experiencia\u00a0 diferente a trav\u00e9s de relaciones cercanas, excelencia en el servicio y soluciones estrat\u00e9gicas.<\/span>[\/vc_column_text][\/vc_column][vc_column width=&#8221;1\/2&#8243;][vc_custom_heading text=&#8221;Nuestra Visi\u00f3n&#8221; font_container=&#8221;tag:h3|font_size:32|text_align:center|color:%23ffffff&#8221; google_fonts=&#8221;font_family:Roboto%3A100%2C100italic%2C300%2C300italic%2Cregular%2Citalic%2C500%2C500italic%2C700%2C700italic%2C900%2C900italic|font_style:700%20bold%20regular%3A700%3Anormal&#8221;][vc_column_text addstyles=&#8221;font-size: 20px;&#8221;]<span style=\"color: #ffffff;\">Ser un referente y aliado de nuestros clientes ofreciendo servicios jur\u00eddicos de alta calidad en nuestras \u00e1reas de pr\u00e1ctica con cercan\u00eda, innovaci\u00f3n y eficiencia.<\/span>[\/vc_column_text][\/vc_column][\/vc_row]<\/p>\n<\/section>","protected":false},"excerpt":{"rendered":"<p>[vc_row content_placement=&#8221;middle&#8221; css=&#8221;.vc_custom_1757088600700{padding-top: 80px !important;padding-bottom: 120px !important;}&#8221;][vc_column width=&#8221;1\/2&#8243;][vc_custom_heading text=&#8221;Conoce Nuestra Historia&#8221; font_container=&#8221;tag:h1|font_size:72|text_align:center|line_height:0.8&#8243; google_fonts=&#8221;font_family:Roboto%3A100%2C100italic%2C300%2C300italic%2Cregular%2Citalic%2C500%2C500italic%2C700%2C700italic%2C900%2C900italic|font_style:400%20regular%3A400%3Anormal&#8221;][\/vc_column][vc_column width=&#8221;1\/2&#8243;][vc_column_text addstyles=&#8221;font-size: 16px; line-height: 1.5; color: black;&#8221;]OMP ABOGADOS nace en 1982 de la mano de la abogada Olfa Mar\u00eda P\u00e9rez Orellanos, quien ha hecho parte de la historia de empresas ampliamente reconocidas a nivel nacional, destac\u00e1ndose por su compromiso, calidez y cercan\u00eda [&hellip;]<\/p>\n","protected":false},"author":2,"featured_media":0,"parent":0,"menu_order":0,"comment_status":"closed","ping_status":"closed","template":"","meta":{"_joinchat":[],"footnotes":""},"yoast_head":"<!-- This site is optimized with the Yoast SEO plugin v20.8 - https:\/\/yoast.com\/wordpress\/plugins\/seo\/ -->\n<title>La Firma - OMP<\/title>\n<meta name=\"robots\" content=\"index, follow, max-snippet:-1, max-image-preview:large, max-video-preview:-1\" \/>\n<link rel=\"canonical\" href=\"https:\/\/ompabogados.com\/web\/la-firma\/\" \/>\n<meta property=\"og:locale\" content=\"es_ES\" \/>\n<meta property=\"og:type\" content=\"article\" \/>\n<meta property=\"og:title\" content=\"La Firma - OMP\" \/>\n<meta property=\"og:description\" content=\"[vc_row content_placement=&#8221;middle&#8221; css=&#8221;.vc_custom_1757088600700{padding-top: 80px !important;padding-bottom: 120px !important;}&#8221;][vc_column width=&#8221;1\/2&#8243;][vc_custom_heading text=&#8221;Conoce Nuestra Historia&#8221; font_container=&#8221;tag:h1|font_size:72|text_align:center|line_height:0.8&#8243; google_fonts=&#8221;font_family:Roboto%3A100%2C100italic%2C300%2C300italic%2Cregular%2Citalic%2C500%2C500italic%2C700%2C700italic%2C900%2C900italic|font_style:400%20regular%3A400%3Anormal&#8221;][\/vc_column][vc_column width=&#8221;1\/2&#8243;][vc_column_text addstyles=&#8221;font-size: 16px; line-height: 1.5; color: black;&#8221;]OMP ABOGADOS nace en 1982 de la mano de la abogada Olfa Mar\u00eda P\u00e9rez Orellanos, quien ha hecho parte de la historia de empresas ampliamente reconocidas a nivel nacional, destac\u00e1ndose por su compromiso, calidez y cercan\u00eda [&hellip;]\" \/>\n<meta property=\"og:url\" content=\"https:\/\/ompabogados.com\/web\/la-firma\/\" \/>\n<meta property=\"og:site_name\" content=\"OMP\" \/>\n<meta property=\"article:publisher\" content=\"https:\/\/www.facebook.com\/people\/OMP-Abogados\/100054283746706\/\" \/>\n<meta property=\"article:modified_time\" content=\"2025-09-05T16:14:09+00:00\" \/>\n<meta name=\"twitter:card\" content=\"summary_large_image\" \/>\n<meta name=\"twitter:label1\" content=\"Tiempo estimado de lectura\" \/>\n\t<meta name=\"twitter:data1\" content=\"3 minutos\" \/>\n<script type=\"application\/ld+json\" class=\"yoast-schema-graph\">{\"@context\":\"https:\/\/schema.org\",\"@graph\":[{\"@type\":\"WebPage\",\"@id\":\"https:\/\/ompabogados.com\/web\/la-firma\/\",\"url\":\"https:\/\/ompabogados.com\/web\/la-firma\/\",\"name\":\"La Firma - OMP\",\"isPartOf\":{\"@id\":\"https:\/\/ompabogados.com\/web\/#website\"},\"datePublished\":\"2023-03-16T21:17:44+00:00\",\"dateModified\":\"2025-09-05T16:14:09+00:00\",\"breadcrumb\":{\"@id\":\"https:\/\/ompabogados.com\/web\/la-firma\/#breadcrumb\"},\"inLanguage\":\"es-CO\",\"potentialAction\":[{\"@type\":\"ReadAction\",\"target\":[\"https:\/\/ompabogados.com\/web\/la-firma\/\"]}]},{\"@type\":\"BreadcrumbList\",\"@id\":\"https:\/\/ompabogados.com\/web\/la-firma\/#breadcrumb\",\"itemListElement\":[{\"@type\":\"ListItem\",\"position\":1,\"name\":\"Inicio\",\"item\":\"https:\/\/ompabogados.com\/web\/\"},{\"@type\":\"ListItem\",\"position\":2,\"name\":\"La Firma\"}]},{\"@type\":\"WebSite\",\"@id\":\"https:\/\/ompabogados.com\/web\/#website\",\"url\":\"https:\/\/ompabogados.com\/web\/\",\"name\":\"OMP\",\"description\":\"En OMP Abogados, con m\u00e1s de 40 a\u00f1os de experiencia, somos su aliado legal en derecho de seguros. Nos especializamos en brindar asesor\u00eda eficiente a aseguradoras en sectores como transporte, salud e industria. Gracias a nuestra trayectoria y al uso de tecnolog\u00edas avanzadas, garantizamos un servicio transparente y enfocado en la resoluci\u00f3n de conflictos.\",\"publisher\":{\"@id\":\"https:\/\/ompabogados.com\/web\/#organization\"},\"potentialAction\":[{\"@type\":\"SearchAction\",\"target\":{\"@type\":\"EntryPoint\",\"urlTemplate\":\"https:\/\/ompabogados.com\/web\/?s={search_term_string}\"},\"query-input\":\"required name=search_term_string\"}],\"inLanguage\":\"es-CO\"},{\"@type\":\"Organization\",\"@id\":\"https:\/\/ompabogados.com\/web\/#organization\",\"name\":\"OMP\",\"url\":\"https:\/\/ompabogados.com\/web\/\",\"logo\":{\"@type\":\"ImageObject\",\"inLanguage\":\"es-CO\",\"@id\":\"https:\/\/ompabogados.com\/web\/#\/schema\/logo\/image\/\",\"url\":\"https:\/\/ompabogados.com\/web\/wp-content\/uploads\/2018\/10\/cropped-logo-1.png\",\"contentUrl\":\"https:\/\/ompabogados.com\/web\/wp-content\/uploads\/2018\/10\/cropped-logo-1.png\",\"width\":512,\"height\":512,\"caption\":\"OMP\"},\"image\":{\"@id\":\"https:\/\/ompabogados.com\/web\/#\/schema\/logo\/image\/\"},\"sameAs\":[\"https:\/\/www.facebook.com\/people\/OMP-Abogados\/100054283746706\/\"]}]}<\/script>\n<!-- \/ Yoast SEO plugin. -->","yoast_head_json":{"title":"La Firma - OMP","robots":{"index":"index","follow":"follow","max-snippet":"max-snippet:-1","max-image-preview":"max-image-preview:large","max-video-preview":"max-video-preview:-1"},"canonical":"https:\/\/ompabogados.com\/web\/la-firma\/","og_locale":"es_ES","og_type":"article","og_title":"La Firma - OMP","og_description":"[vc_row content_placement=&#8221;middle&#8221; css=&#8221;.vc_custom_1757088600700{padding-top: 80px !important;padding-bottom: 120px !important;}&#8221;][vc_column width=&#8221;1\/2&#8243;][vc_custom_heading text=&#8221;Conoce Nuestra Historia&#8221; font_container=&#8221;tag:h1|font_size:72|text_align:center|line_height:0.8&#8243; google_fonts=&#8221;font_family:Roboto%3A100%2C100italic%2C300%2C300italic%2Cregular%2Citalic%2C500%2C500italic%2C700%2C700italic%2C900%2C900italic|font_style:400%20regular%3A400%3Anormal&#8221;][\/vc_column][vc_column width=&#8221;1\/2&#8243;][vc_column_text addstyles=&#8221;font-size: 16px; line-height: 1.5; color: black;&#8221;]OMP ABOGADOS nace en 1982 de la mano de la abogada Olfa Mar\u00eda P\u00e9rez Orellanos, quien ha hecho parte de la historia de empresas ampliamente reconocidas a nivel nacional, destac\u00e1ndose por su compromiso, calidez y cercan\u00eda [&hellip;]","og_url":"https:\/\/ompabogados.com\/web\/la-firma\/","og_site_name":"OMP","article_publisher":"https:\/\/www.facebook.com\/people\/OMP-Abogados\/100054283746706\/","article_modified_time":"2025-09-05T16:14:09+00:00","twitter_card":"summary_large_image","twitter_misc":{"Tiempo estimado de lectura":"3 minutos"},"schema":{"@context":"https:\/\/schema.org","@graph":[{"@type":"WebPage","@id":"https:\/\/ompabogados.com\/web\/la-firma\/","url":"https:\/\/ompabogados.com\/web\/la-firma\/","name":"La Firma - OMP","isPartOf":{"@id":"https:\/\/ompabogados.com\/web\/#website"},"datePublished":"2023-03-16T21:17:44+00:00","dateModified":"2025-09-05T16:14:09+00:00","breadcrumb":{"@id":"https:\/\/ompabogados.com\/web\/la-firma\/#breadcrumb"},"inLanguage":"es-CO","potentialAction":[{"@type":"ReadAction","target":["https:\/\/ompabogados.com\/web\/la-firma\/"]}]},{"@type":"BreadcrumbList","@id":"https:\/\/ompabogados.com\/web\/la-firma\/#breadcrumb","itemListElement":[{"@type":"ListItem","position":1,"name":"Inicio","item":"https:\/\/ompabogados.com\/web\/"},{"@type":"ListItem","position":2,"name":"La Firma"}]},{"@type":"WebSite","@id":"https:\/\/ompabogados.com\/web\/#website","url":"https:\/\/ompabogados.com\/web\/","name":"OMP","description":"En OMP Abogados, con m\u00e1s de 40 a\u00f1os de experiencia, somos su aliado legal en derecho de seguros. Nos especializamos en brindar asesor\u00eda eficiente a aseguradoras en sectores como transporte, salud e industria. Gracias a nuestra trayectoria y al uso de tecnolog\u00edas avanzadas, garantizamos un servicio transparente y enfocado en la resoluci\u00f3n de conflictos.","publisher":{"@id":"https:\/\/ompabogados.com\/web\/#organization"},"potentialAction":[{"@type":"SearchAction","target":{"@type":"EntryPoint","urlTemplate":"https:\/\/ompabogados.com\/web\/?s={search_term_string}"},"query-input":"required name=search_term_string"}],"inLanguage":"es-CO"},{"@type":"Organization","@id":"https:\/\/ompabogados.com\/web\/#organization","name":"OMP","url":"https:\/\/ompabogados.com\/web\/","logo":{"@type":"ImageObject","inLanguage":"es-CO","@id":"https:\/\/ompabogados.com\/web\/#\/schema\/logo\/image\/","url":"https:\/\/ompabogados.com\/web\/wp-content\/uploads\/2018\/10\/cropped-logo-1.png","contentUrl":"https:\/\/ompabogados.com\/web\/wp-content\/uploads\/2018\/10\/cropped-logo-1.png","width":512,"height":512,"caption":"OMP"},"image":{"@id":"https:\/\/ompabogados.com\/web\/#\/schema\/logo\/image\/"},"sameAs":["https:\/\/www.facebook.com\/people\/OMP-Abogados\/100054283746706\/"]}]}},"_links":{"self":[{"href":"https:\/\/ompabogados.com\/web\/wp-json\/wp\/v2\/pages\/15543"}],"collection":[{"href":"https:\/\/ompabogados.com\/web\/wp-json\/wp\/v2\/pages"}],"about":[{"href":"https:\/\/ompabogados.com\/web\/wp-json\/wp\/v2\/types\/page"}],"author":[{"embeddable":true,"href":"https:\/\/ompabogados.com\/web\/wp-json\/wp\/v2\/users\/2"}],"replies":[{"embeddable":true,"href":"https:\/\/ompabogados.com\/web\/wp-json\/wp\/v2\/comments?post=15543"}],"version-history":[{"count":311,"href":"https:\/\/ompabogados.com\/web\/wp-json\/wp\/v2\/pages\/15543\/revisions"}],"predecessor-version":[{"id":17992,"href":"https:\/\/ompabogados.com\/web\/wp-json\/wp\/v2\/pages\/15543\/revisions\/17992"}],"wp:attachment":[{"href":"https:\/\/ompabogados.com\/web\/wp-json\/wp\/v2\/media?parent=15543"}],"curies":[{"name":"wp","href":"https:\/\/api.w.org\/{rel}","templated":true}]}}