{"id":16083,"date":"2023-04-13T15:19:06","date_gmt":"2023-04-13T20:19:06","guid":{"rendered":"https:\/\/ompabogados.com\/web\/?page_id=16083"},"modified":"2023-05-24T14:52:04","modified_gmt":"2023-05-24T19:52:04","slug":"laboral-administracion","status":"publish","type":"page","link":"https:\/\/ompabogados.com\/web\/laboral-administracion\/","title":{"rendered":"laboral-administracion"},"content":{"rendered":"<section class=\"wpb-content-wrapper\"><p>[vc_row full_width=&#8221;stretch_row_content_no_spaces&#8221; css=&#8221;.vc_custom_1680304423739{background-image: url(https:\/\/ompabogados.com\/web\/wp-content\/uploads\/2023\/03\/Group-169.png?id=15910) !important;background-position: center !important;background-repeat: no-repeat !important;background-size: cover !important;}&#8221;][vc_column]<div id=\"1680278217658-b76b9c78-094e\" class=\"dt-sc-empty-space\"><\/div>[vc_column_text]<\/p>\n<p style=\"text-align: center; font-size: 76px; line-height: 80px; color: #2b2e30;\">\u00bfA que <span style=\"color: orange; font-weight: bold;\">sector<\/span><br \/>\nperteneces?[\/vc_column_text]<div id=\"1680304590710-404ed086-3715\" class=\"dt-sc-empty-space\"><\/div><div id=\"1680304458154-9b1d0be6-4832\" class=\"dt-sc-empty-space\"><\/div>[vc_column_text css=&#8221;.vc_custom_1683308317668{padding-right: 10% !important;padding-left: 10% !important;}&#8221;]<\/p>\n<p style=\"text-align: left; color: #878787; font-size: 22px; line-height: 30px;\">Te invitamos a que selecciones a continuaci\u00f3n, el sector de tu inter\u00e9s, para que puedas conocer las diferentes soluciones que proveemos en la firma:<\/p>\n<p><span data-mce-type=\"bookmark\" style=\"display: inline-block; width: 0px; overflow: hidden; line-height: 0;\" class=\"mce_SELRES_start\">\ufeff<\/span>[\/vc_column_text][\/vc_column][\/vc_row][vc_row][vc_column]<div id=\"1680292165083-91f5cd3f-39df\" class=\"dt-sc-empty-space\"><\/div>[\/vc_column][\/vc_row][vc_row full_width=&#8221;stretch_row_content_no_spaces&#8221;][vc_column el_align=&#8221;center&#8221; width=&#8221;1\/5&#8243;]<div class=\"ult-ih-container ult-adjust-bottom-margin  \" >\t<ul class=\"ult-ih-list \"  data-shape=\"square\"  data-width=\"250\"  data-height=\"250\"  style=\"text-align:center; \"><li id=\"ult-ih-list-item-3837\" class=\"ult-ih-list-item\" style=\"height: 250px; width: 250px;  margin: 15px\"><div style=\"height: 250px; width: 250px; \" class=\"ult-ih-item ult-ih-effect1    ult-ih-top_to_bottom \"><div class=\"ult-ih-image-block\" style=\"height: 250px; width: 250px; \">\t<div class=\"ult-ih-wrapper\" style=\"border-style: solid; border-color: rgba(0,0,0,0.01); border-width: 20px;\"><\/div>\t<img decoding=\"async\" class=\"ult-ih-image\" src=\"https:\/\/ompabogados.com\/web\/wp-content\/uploads\/2023\/03\/Property-1Variant2.png\" alt=\"null\"><\/div><div class=\"ult-ih-info\" >\t<div class=\"ult-ih-info-back\" style=\"background-color: #bb2b2b; \">\t<div class=\"ult-ih-content\">\t\t\t<div class=\"ult-ih-heading-block\" style=\"\">\t\t\t\t<h4 class=\"ult-ih-heading ult-responsive\" style=\"color:#ffffff;\"  data-ultimate-target='#ult-ih-list-item-3837 .ult-ih-heading'  data-responsive-json-new='{\"font-size\":\"desktop:22px;\",\"line-height\":\"desktop:28px;\"}' ><\/h4>\t\t\t<\/div>\t\t\t<div class=\"ult-ih-divider-block\" style=\"height:1px;\">\t\t\t\t<span class=\"ult-ih-line\" style=\"border-style:solid;border-color:rgba(255,255,255,0.01);width:100px;border-width:1px;\"><\/span>\t\t\t<\/div>\t\t\t<div class=\"ult-ih-description-block\" style=\"\">\t\t\t\t<div class=\"ult-ih-description ult-responsive\" style=\"color:#ffffff;\"  data-ultimate-target='#ult-ih-list-item-3837 .ult-ih-description, #ult-ih-list-item-3837 .ult-ih-description p'  data-responsive-json-new='{\"font-size\":\"desktop:18px;\",\"line-height\":\"desktop:18px;\"}' ><p style=\"text-align: center;\"><a href=\"https:\/\/ompabogados.com\/web\/seguros-litigio#seccionsector\">Litigios<\/a><\/p>\n<p style=\"text-align: center;\">_____<\/p>\n<p>&nbsp;<\/p>\n<p style=\"text-align: center;\"><a href=\"https:\/\/ompabogados.com\/web\/seguros-corporativo#seccionsector\">Corporativo<\/a><\/p>\n<p style=\"text-align: center;\">_______<\/p>\n<p>&nbsp;<\/p>\n<p style=\"text-align: center;\"><a href=\"https:\/\/ompabogados.com\/web\/16071-2#seccionsector\">Administraci\u00f3n<br \/>\nde Procesos<\/a><\/p>\n\t\t\t\t<\/div>\t\t\t<\/div>\t<\/div>\t<\/div><\/div><\/div><\/li>\t<\/ul><\/div>[\/vc_column][vc_column width=&#8221;1\/5&#8243;]<div class=\"ult-ih-container ult-adjust-bottom-margin  \" >\t<ul class=\"ult-ih-list \"  data-shape=\"square\"  data-width=\"250\"  data-height=\"250\"  style=\"text-align:center; \"><li id=\"ult-ih-list-item-2338\" class=\"ult-ih-list-item\" style=\"height: 250px; width: 250px;  margin: 15px\"><div style=\"height: 250px; width: 250px; \" class=\"ult-ih-item ult-ih-effect1    ult-ih-top_to_bottom \"><div class=\"ult-ih-image-block\" style=\"height: 250px; width: 250px; \">\t<div class=\"ult-ih-wrapper\" style=\"border-style: solid; border-color: rgba(0,0,0,0.01); border-width: 20px;\"><\/div>\t<img decoding=\"async\" class=\"ult-ih-image\" src=\"https:\/\/ompabogados.com\/web\/wp-content\/uploads\/2023\/03\/laboral-y-seguridad-social.png\" alt=\"null\"><\/div><div class=\"ult-ih-info\" >\t<div class=\"ult-ih-info-back\" style=\"background-color: #dd9933; \">\t<div class=\"ult-ih-content\">\t\t\t<div class=\"ult-ih-heading-block\" style=\"\">\t\t\t\t<h4 class=\"ult-ih-heading ult-responsive\" style=\"color:#ffffff;\"  data-ultimate-target='#ult-ih-list-item-2338 .ult-ih-heading'  data-responsive-json-new='{\"font-size\":\"desktop:22px;\",\"line-height\":\"desktop:28px;\"}' ><\/h4>\t\t\t<\/div>\t\t\t<div class=\"ult-ih-divider-block\" style=\"height:1px;\">\t\t\t\t<span class=\"ult-ih-line\" style=\"border-style:solid;border-color:rgba(255,255,255,0.01);width:100px;border-width:1px;\"><\/span>\t\t\t<\/div>\t\t\t<div class=\"ult-ih-description-block\" style=\"\">\t\t\t\t<div class=\"ult-ih-description ult-responsive\" style=\"color:#ffffff;\"  data-ultimate-target='#ult-ih-list-item-2338 .ult-ih-description, #ult-ih-list-item-2338 .ult-ih-description p'  data-responsive-json-new='{\"font-size\":\"desktop:18px;\",\"line-height\":\"desktop:18px;\"}' ><p style=\"text-align: center;\"><a href=\"https:\/\/ompabogados.com\/web\/laboral-litigio#seccionsector\">Litigios<\/a><\/p>\n<p style=\"text-align: center;\">_____<\/p>\n<p>&nbsp;<\/p>\n<p style=\"text-align: center;\"><a href=\"https:\/\/ompabogados.com\/web\/laboral-corporativo#seccionsector\">Corporativo<\/a><\/p>\n<p style=\"text-align: center;\">_______<\/p>\n<p>&nbsp;<\/p>\n<p style=\"text-align: center;\"><a href=\"https:\/\/ompabogados.com\/web\/laboral-administracion#seccionsector\">Administraci\u00f3n<br \/>\nde Procesos<\/a><\/p>\n\t\t\t\t<\/div>\t\t\t<\/div>\t<\/div>\t<\/div><\/div><\/div><\/li>\t<\/ul><\/div>[\/vc_column][vc_column width=&#8221;1\/5&#8243;]<div class=\"ult-ih-container ult-adjust-bottom-margin  \" >\t<ul class=\"ult-ih-list \"  data-shape=\"square\"  data-width=\"250\"  data-height=\"250\"  style=\"text-align:center; \"><li id=\"ult-ih-list-item-5827\" class=\"ult-ih-list-item\" style=\"height: 250px; width: 250px;  margin: 15px\"><div style=\"height: 250px; width: 250px; \" class=\"ult-ih-item ult-ih-effect1    ult-ih-top_to_bottom \"><div class=\"ult-ih-image-block\" style=\"height: 250px; width: 250px; \">\t<div class=\"ult-ih-wrapper\" style=\"border-style: solid; border-color: rgba(0,0,0,0.01); border-width: 20px;\"><\/div>\t<img decoding=\"async\" class=\"ult-ih-image\" src=\"https:\/\/ompabogados.com\/web\/wp-content\/uploads\/2023\/03\/salud.png\" alt=\"null\"><\/div><div class=\"ult-ih-info\" >\t<div class=\"ult-ih-info-back\" style=\"background-color: #1fae8b; \">\t<div class=\"ult-ih-content\">\t\t\t<div class=\"ult-ih-heading-block\" style=\"\">\t\t\t\t<h4 class=\"ult-ih-heading ult-responsive\" style=\"color:#ffffff;\"  data-ultimate-target='#ult-ih-list-item-5827 .ult-ih-heading'  data-responsive-json-new='{\"font-size\":\"desktop:22px;\",\"line-height\":\"desktop:28px;\"}' ><\/h4>\t\t\t<\/div>\t\t\t<div class=\"ult-ih-divider-block\" style=\"height:1px;\">\t\t\t\t<span class=\"ult-ih-line\" style=\"border-style:solid;border-color:rgba(255,255,255,0.01);width:100px;border-width:1px;\"><\/span>\t\t\t<\/div>\t\t\t<div class=\"ult-ih-description-block\" style=\"\">\t\t\t\t<div class=\"ult-ih-description ult-responsive\" style=\"color:#ffffff;\"  data-ultimate-target='#ult-ih-list-item-5827 .ult-ih-description, #ult-ih-list-item-5827 .ult-ih-description p'  data-responsive-json-new='{\"font-size\":\"desktop:18px;\",\"line-height\":\"desktop:18px;\"}' ><p style=\"text-align: center;\"><a href=\"https:\/\/ompabogados.com\/web\/salud-litigio#seccionsector\">Litigios<\/a><\/p>\n<p style=\"text-align: center;\">_____<\/p>\n<p>&nbsp;<\/p>\n<p style=\"text-align: center;\"><a href=\"https:\/\/ompabogados.com\/web\/salud-corporativo#seccionsector\">Corporativo<\/a><\/p>\n<p style=\"text-align: center;\">_______<\/p>\n<p>&nbsp;<\/p>\n<p style=\"text-align: center;\"><a href=\"https:\/\/ompabogados.com\/web\/salud-administracion#seccionsector\">Administraci\u00f3n<br \/>\nde Procesos<\/a><\/p>\n\t\t\t\t<\/div>\t\t\t<\/div>\t<\/div>\t<\/div><\/div><\/div><\/li>\t<\/ul><\/div>[\/vc_column][vc_column width=&#8221;1\/5&#8243;]<div class=\"ult-ih-container ult-adjust-bottom-margin  \" >\t<ul class=\"ult-ih-list \"  data-shape=\"square\"  data-width=\"250\"  data-height=\"250\"  style=\"text-align:center; \"><li id=\"ult-ih-list-item-6674\" class=\"ult-ih-list-item\" style=\"height: 250px; width: 250px;  margin: 15px\"><div style=\"height: 250px; width: 250px; \" class=\"ult-ih-item ult-ih-effect1    ult-ih-top_to_bottom \"><div class=\"ult-ih-image-block\" style=\"height: 250px; width: 250px; \">\t<div class=\"ult-ih-wrapper\" style=\"border-style: solid; border-color: rgba(0,0,0,0.01); border-width: 20px;\"><\/div>\t<img decoding=\"async\" class=\"ult-ih-image\" src=\"https:\/\/ompabogados.com\/web\/wp-content\/uploads\/2023\/03\/financiero.png\" alt=\"null\"><\/div><div class=\"ult-ih-info\" >\t<div class=\"ult-ih-info-back\" style=\"background-color: #ffd25b; \">\t<div class=\"ult-ih-content\">\t\t\t<div class=\"ult-ih-heading-block\" style=\"\">\t\t\t\t<h4 class=\"ult-ih-heading ult-responsive\" style=\"color:#ffffff;\"  data-ultimate-target='#ult-ih-list-item-6674 .ult-ih-heading'  data-responsive-json-new='{\"font-size\":\"desktop:22px;\",\"line-height\":\"desktop:28px;\"}' ><\/h4>\t\t\t<\/div>\t\t\t<div class=\"ult-ih-divider-block\" style=\"height:1px;\">\t\t\t\t<span class=\"ult-ih-line\" style=\"border-style:solid;border-color:rgba(255,255,255,0.01);width:100px;border-width:1px;\"><\/span>\t\t\t<\/div>\t\t\t<div class=\"ult-ih-description-block\" style=\"\">\t\t\t\t<div class=\"ult-ih-description ult-responsive\" style=\"color:#ffffff;\"  data-ultimate-target='#ult-ih-list-item-6674 .ult-ih-description, #ult-ih-list-item-6674 .ult-ih-description p'  data-responsive-json-new='{\"font-size\":\"desktop:18px;\",\"line-height\":\"desktop:18px;\"}' ><p style=\"text-align: center;\"><a href=\"https:\/\/ompabogados.com\/web\/financiero-litigio#seccionsector\">Litigios<\/a><\/p>\n<p style=\"text-align: center;\">_____<\/p>\n<p>&nbsp;<\/p>\n<p style=\"text-align: center;\"><a href=\"https:\/\/ompabogados.com\/web\/financiero-corporativo#seccionsector\">Corporativo<\/a><\/p>\n<p style=\"text-align: center;\">_______<\/p>\n<p>&nbsp;<\/p>\n<p style=\"text-align: center;\"><a href=\"https:\/\/ompabogados.com\/web\/financiero-administracion#seccionsector\">Administraci\u00f3n<br \/>\nde Procesos<\/a><\/p>\n\t\t\t\t<\/div>\t\t\t<\/div>\t<\/div>\t<\/div><\/div><\/div><\/li>\t<\/ul><\/div>[\/vc_column][vc_column width=&#8221;1\/5&#8243;]<div class=\"ult-ih-container ult-adjust-bottom-margin  \" >\t<ul class=\"ult-ih-list \"  data-shape=\"square\"  data-width=\"250\"  data-height=\"250\"  style=\"text-align:center; \"><li id=\"ult-ih-list-item-2965\" class=\"ult-ih-list-item\" style=\"height: 250px; width: 250px;  margin: 15px\"><div style=\"height: 250px; width: 250px; \" class=\"ult-ih-item ult-ih-effect1    ult-ih-top_to_bottom \"><div class=\"ult-ih-image-block\" style=\"height: 250px; width: 250px; \">\t<div class=\"ult-ih-wrapper\" style=\"border-style: solid; border-color: rgba(0,0,0,0.01); border-width: 20px;\"><\/div>\t<img decoding=\"async\" class=\"ult-ih-image\" src=\"https:\/\/ompabogados.com\/web\/wp-content\/uploads\/2023\/04\/Property-1Variant2-3.png\" alt=\"null\"><\/div><div class=\"ult-ih-info\" >\t<div class=\"ult-ih-info-back\" style=\"background-color: #dd3333; \">\t<div class=\"ult-ih-content\">\t\t\t<div class=\"ult-ih-heading-block\" style=\"\">\t\t\t\t<h4 class=\"ult-ih-heading ult-responsive\" style=\"color:#ffffff;\"  data-ultimate-target='#ult-ih-list-item-2965 .ult-ih-heading'  data-responsive-json-new='{\"font-size\":\"desktop:22px;\",\"line-height\":\"desktop:28px;\"}' ><\/h4>\t\t\t<\/div>\t\t\t<div class=\"ult-ih-divider-block\" style=\"height:1px;\">\t\t\t\t<span class=\"ult-ih-line\" style=\"border-style:solid;border-color:rgba(255,255,255,0.01);width:100px;border-width:1px;\"><\/span>\t\t\t<\/div>\t\t\t<div class=\"ult-ih-description-block\" style=\"\">\t\t\t\t<div class=\"ult-ih-description ult-responsive\" style=\"color:#ffffff;\"  data-ultimate-target='#ult-ih-list-item-2965 .ult-ih-description, #ult-ih-list-item-2965 .ult-ih-description p'  data-responsive-json-new='{\"font-size\":\"desktop:18px;\",\"line-height\":\"desktop:18px;\"}' ><p style=\"text-align: center;\"><a href=\"https:\/\/ompabogados.com\/web\/industria-litigio#seccionsector\">Litigios<\/a><\/p>\n<p style=\"text-align: center;\">_____<\/p>\n<p>&nbsp;<\/p>\n<p style=\"text-align: center;\"><a href=\"https:\/\/ompabogados.com\/web\/industria-corporativo#seccionsector\">Corporativo<\/a><\/p>\n<p style=\"text-align: center;\">_______<\/p>\n<p>&nbsp;<\/p>\n<p style=\"text-align: center;\"><a href=\"https:\/\/ompabogados.com\/web\/industria-administracion#seccionsector\">Administraci\u00f3n<br \/>\nde Procesos<\/a><\/p>\n\t\t\t\t<\/div>\t\t\t<\/div>\t<\/div>\t<\/div><\/div><\/div><\/li>\t<\/ul><\/div>[\/vc_column][\/vc_row][vc_row full_width=&#8221;stretch_row_content_no_spaces&#8221; css_animation=&#8221;fadeIn&#8221; el_id=&#8221;seccionsector&#8221; css=&#8221;.vc_custom_1684957722577{background-color: #d9d9d9 !important;background-position: center !important;background-repeat: no-repeat !important;background-size: cover !important;}&#8221;][vc_column][vc_row_inner][vc_column_inner][vc_single_image image=&#8221;17139&#8243; img_size=&#8221;full&#8221; css=&#8221;.vc_custom_1684958070207{margin-top: 40px !important;margin-left: 50px !important;}&#8221;][vc_single_image image=&#8221;17140&#8243; img_size=&#8221;full&#8221; css=&#8221;.vc_custom_1684958084662{margin-left: 50px !important;}&#8221;][\/vc_column_inner][vc_column_inner width=&#8221;1\/2&#8243;][vc_single_image image=&#8221;17141&#8243; img_size=&#8221;full&#8221; css=&#8221;.vc_custom_1684958104261{margin-left: 50px !important;}&#8221;][\/vc_column_inner][vc_column_inner width=&#8221;1\/2&#8243;][vc_video link=&#8221;https:\/\/www.youtube.com\/embed\/VKR_ef4DL1E&#8221; el_width=&#8221;70&#8243; align=&#8221;center&#8221; css=&#8221;.vc_custom_1684957758756{margin-top: 10% !important;}&#8221;][vc_single_image image=&#8221;17142&#8243; img_size=&#8221;full&#8221; css=&#8221;.vc_custom_1684958118022{margin-left: 50px !important;}&#8221;][\/vc_column_inner][\/vc_row_inner][\/vc_column][\/vc_row]<\/p>\n<\/section>","protected":false},"excerpt":{"rendered":"<p>[vc_row full_width=&#8221;stretch_row_content_no_spaces&#8221; css=&#8221;.vc_custom_1680304423739{background-image: url(https:\/\/ompabogados.com\/web\/wp-content\/uploads\/2023\/03\/Group-169.png?id=15910) !important;background-position: center !important;background-repeat: no-repeat !important;background-size: cover !important;}&#8221;][vc_column][vc_column_text] \u00bfA que sector perteneces?[\/vc_column_text][vc_column_text css=&#8221;.vc_custom_1683308317668{padding-right: 10% !important;padding-left: 10% !important;}&#8221;] Te invitamos a que selecciones a continuaci\u00f3n, el sector de tu inter\u00e9s, para que puedas conocer las diferentes soluciones que proveemos en la firma: \ufeff[\/vc_column_text][\/vc_column][\/vc_row][vc_row][vc_column][\/vc_column][\/vc_row][vc_row full_width=&#8221;stretch_row_content_no_spaces&#8221;][vc_column el_align=&#8221;center&#8221; width=&#8221;1\/5&#8243;][\/vc_column][vc_column width=&#8221;1\/5&#8243;][\/vc_column][vc_column width=&#8221;1\/5&#8243;][\/vc_column][vc_column width=&#8221;1\/5&#8243;][\/vc_column][vc_column width=&#8221;1\/5&#8243;][\/vc_column][\/vc_row][vc_row full_width=&#8221;stretch_row_content_no_spaces&#8221; css_animation=&#8221;fadeIn&#8221; el_id=&#8221;seccionsector&#8221; [&hellip;]<\/p>\n","protected":false},"author":2,"featured_media":0,"parent":0,"menu_order":0,"comment_status":"closed","ping_status":"closed","template":"","meta":{"_joinchat":[],"footnotes":""},"yoast_head":"<!-- This site is optimized with the Yoast SEO plugin v20.8 - https:\/\/yoast.com\/wordpress\/plugins\/seo\/ -->\n<title>laboral-administracion - OMP<\/title>\n<meta name=\"robots\" content=\"index, follow, max-snippet:-1, max-image-preview:large, max-video-preview:-1\" \/>\n<link rel=\"canonical\" href=\"https:\/\/ompabogados.com\/web\/laboral-administracion\/\" \/>\n<meta property=\"og:locale\" content=\"es_ES\" \/>\n<meta property=\"og:type\" content=\"article\" \/>\n<meta property=\"og:title\" content=\"laboral-administracion - OMP\" \/>\n<meta property=\"og:description\" content=\"[vc_row full_width=&#8221;stretch_row_content_no_spaces&#8221; css=&#8221;.vc_custom_1680304423739{background-image: url(https:\/\/ompabogados.com\/web\/wp-content\/uploads\/2023\/03\/Group-169.png?id=15910) !important;background-position: center !important;background-repeat: no-repeat !important;background-size: cover !important;}&#8221;][vc_column][vc_column_text] \u00bfA que sector perteneces?[\/vc_column_text][vc_column_text css=&#8221;.vc_custom_1683308317668{padding-right: 10% !important;padding-left: 10% !important;}&#8221;] Te invitamos a que selecciones a continuaci\u00f3n, el sector de tu inter\u00e9s, para que puedas conocer las diferentes soluciones que proveemos en la firma: \ufeff[\/vc_column_text][\/vc_column][\/vc_row][vc_row][vc_column][\/vc_column][\/vc_row][vc_row full_width=&#8221;stretch_row_content_no_spaces&#8221;][vc_column el_align=&#8221;center&#8221; width=&#8221;1\/5&#8243;][\/vc_column][vc_column width=&#8221;1\/5&#8243;][\/vc_column][vc_column width=&#8221;1\/5&#8243;][\/vc_column][vc_column width=&#8221;1\/5&#8243;][\/vc_column][vc_column width=&#8221;1\/5&#8243;][\/vc_column][\/vc_row][vc_row full_width=&#8221;stretch_row_content_no_spaces&#8221; css_animation=&#8221;fadeIn&#8221; el_id=&#8221;seccionsector&#8221; [&hellip;]\" \/>\n<meta property=\"og:url\" content=\"https:\/\/ompabogados.com\/web\/laboral-administracion\/\" \/>\n<meta property=\"og:site_name\" content=\"OMP\" \/>\n<meta property=\"article:publisher\" content=\"https:\/\/www.facebook.com\/people\/OMP-Abogados\/100054283746706\/\" \/>\n<meta property=\"article:modified_time\" content=\"2023-05-24T19:52:04+00:00\" \/>\n<meta name=\"twitter:card\" content=\"summary_large_image\" \/>\n<meta name=\"twitter:label1\" content=\"Tiempo estimado de lectura\" \/>\n\t<meta name=\"twitter:data1\" content=\"1 minuto\" \/>\n<script type=\"application\/ld+json\" class=\"yoast-schema-graph\">{\"@context\":\"https:\/\/schema.org\",\"@graph\":[{\"@type\":\"WebPage\",\"@id\":\"https:\/\/ompabogados.com\/web\/laboral-administracion\/\",\"url\":\"https:\/\/ompabogados.com\/web\/laboral-administracion\/\",\"name\":\"laboral-administracion - OMP\",\"isPartOf\":{\"@id\":\"https:\/\/ompabogados.com\/web\/#website\"},\"datePublished\":\"2023-04-13T20:19:06+00:00\",\"dateModified\":\"2023-05-24T19:52:04+00:00\",\"breadcrumb\":{\"@id\":\"https:\/\/ompabogados.com\/web\/laboral-administracion\/#breadcrumb\"},\"inLanguage\":\"es-CO\",\"potentialAction\":[{\"@type\":\"ReadAction\",\"target\":[\"https:\/\/ompabogados.com\/web\/laboral-administracion\/\"]}]},{\"@type\":\"BreadcrumbList\",\"@id\":\"https:\/\/ompabogados.com\/web\/laboral-administracion\/#breadcrumb\",\"itemListElement\":[{\"@type\":\"ListItem\",\"position\":1,\"name\":\"Inicio\",\"item\":\"https:\/\/ompabogados.com\/web\/\"},{\"@type\":\"ListItem\",\"position\":2,\"name\":\"laboral-administracion\"}]},{\"@type\":\"WebSite\",\"@id\":\"https:\/\/ompabogados.com\/web\/#website\",\"url\":\"https:\/\/ompabogados.com\/web\/\",\"name\":\"OMP\",\"description\":\"En OMP Abogados, con m\u00e1s de 40 a\u00f1os de experiencia, somos su aliado legal en derecho de seguros. Nos especializamos en brindar asesor\u00eda eficiente a aseguradoras en sectores como transporte, salud e industria. Gracias a nuestra trayectoria y al uso de tecnolog\u00edas avanzadas, garantizamos un servicio transparente y enfocado en la resoluci\u00f3n de conflictos.\",\"publisher\":{\"@id\":\"https:\/\/ompabogados.com\/web\/#organization\"},\"potentialAction\":[{\"@type\":\"SearchAction\",\"target\":{\"@type\":\"EntryPoint\",\"urlTemplate\":\"https:\/\/ompabogados.com\/web\/?s={search_term_string}\"},\"query-input\":\"required name=search_term_string\"}],\"inLanguage\":\"es-CO\"},{\"@type\":\"Organization\",\"@id\":\"https:\/\/ompabogados.com\/web\/#organization\",\"name\":\"OMP\",\"url\":\"https:\/\/ompabogados.com\/web\/\",\"logo\":{\"@type\":\"ImageObject\",\"inLanguage\":\"es-CO\",\"@id\":\"https:\/\/ompabogados.com\/web\/#\/schema\/logo\/image\/\",\"url\":\"https:\/\/ompabogados.com\/web\/wp-content\/uploads\/2018\/10\/cropped-logo-1.png\",\"contentUrl\":\"https:\/\/ompabogados.com\/web\/wp-content\/uploads\/2018\/10\/cropped-logo-1.png\",\"width\":512,\"height\":512,\"caption\":\"OMP\"},\"image\":{\"@id\":\"https:\/\/ompabogados.com\/web\/#\/schema\/logo\/image\/\"},\"sameAs\":[\"https:\/\/www.facebook.com\/people\/OMP-Abogados\/100054283746706\/\"]}]}<\/script>\n<!-- \/ Yoast SEO plugin. -->","yoast_head_json":{"title":"laboral-administracion - OMP","robots":{"index":"index","follow":"follow","max-snippet":"max-snippet:-1","max-image-preview":"max-image-preview:large","max-video-preview":"max-video-preview:-1"},"canonical":"https:\/\/ompabogados.com\/web\/laboral-administracion\/","og_locale":"es_ES","og_type":"article","og_title":"laboral-administracion - OMP","og_description":"[vc_row full_width=&#8221;stretch_row_content_no_spaces&#8221; css=&#8221;.vc_custom_1680304423739{background-image: url(https:\/\/ompabogados.com\/web\/wp-content\/uploads\/2023\/03\/Group-169.png?id=15910) !important;background-position: center !important;background-repeat: no-repeat !important;background-size: cover !important;}&#8221;][vc_column][vc_column_text] \u00bfA que sector perteneces?[\/vc_column_text][vc_column_text css=&#8221;.vc_custom_1683308317668{padding-right: 10% !important;padding-left: 10% !important;}&#8221;] Te invitamos a que selecciones a continuaci\u00f3n, el sector de tu inter\u00e9s, para que puedas conocer las diferentes soluciones que proveemos en la firma: \ufeff[\/vc_column_text][\/vc_column][\/vc_row][vc_row][vc_column][\/vc_column][\/vc_row][vc_row full_width=&#8221;stretch_row_content_no_spaces&#8221;][vc_column el_align=&#8221;center&#8221; width=&#8221;1\/5&#8243;][\/vc_column][vc_column width=&#8221;1\/5&#8243;][\/vc_column][vc_column width=&#8221;1\/5&#8243;][\/vc_column][vc_column width=&#8221;1\/5&#8243;][\/vc_column][vc_column width=&#8221;1\/5&#8243;][\/vc_column][\/vc_row][vc_row full_width=&#8221;stretch_row_content_no_spaces&#8221; css_animation=&#8221;fadeIn&#8221; el_id=&#8221;seccionsector&#8221; [&hellip;]","og_url":"https:\/\/ompabogados.com\/web\/laboral-administracion\/","og_site_name":"OMP","article_publisher":"https:\/\/www.facebook.com\/people\/OMP-Abogados\/100054283746706\/","article_modified_time":"2023-05-24T19:52:04+00:00","twitter_card":"summary_large_image","twitter_misc":{"Tiempo estimado de lectura":"1 minuto"},"schema":{"@context":"https:\/\/schema.org","@graph":[{"@type":"WebPage","@id":"https:\/\/ompabogados.com\/web\/laboral-administracion\/","url":"https:\/\/ompabogados.com\/web\/laboral-administracion\/","name":"laboral-administracion - OMP","isPartOf":{"@id":"https:\/\/ompabogados.com\/web\/#website"},"datePublished":"2023-04-13T20:19:06+00:00","dateModified":"2023-05-24T19:52:04+00:00","breadcrumb":{"@id":"https:\/\/ompabogados.com\/web\/laboral-administracion\/#breadcrumb"},"inLanguage":"es-CO","potentialAction":[{"@type":"ReadAction","target":["https:\/\/ompabogados.com\/web\/laboral-administracion\/"]}]},{"@type":"BreadcrumbList","@id":"https:\/\/ompabogados.com\/web\/laboral-administracion\/#breadcrumb","itemListElement":[{"@type":"ListItem","position":1,"name":"Inicio","item":"https:\/\/ompabogados.com\/web\/"},{"@type":"ListItem","position":2,"name":"laboral-administracion"}]},{"@type":"WebSite","@id":"https:\/\/ompabogados.com\/web\/#website","url":"https:\/\/ompabogados.com\/web\/","name":"OMP","description":"En OMP Abogados, con m\u00e1s de 40 a\u00f1os de experiencia, somos su aliado legal en derecho de seguros. Nos especializamos en brindar asesor\u00eda eficiente a aseguradoras en sectores como transporte, salud e industria. Gracias a nuestra trayectoria y al uso de tecnolog\u00edas avanzadas, garantizamos un servicio transparente y enfocado en la resoluci\u00f3n de conflictos.","publisher":{"@id":"https:\/\/ompabogados.com\/web\/#organization"},"potentialAction":[{"@type":"SearchAction","target":{"@type":"EntryPoint","urlTemplate":"https:\/\/ompabogados.com\/web\/?s={search_term_string}"},"query-input":"required name=search_term_string"}],"inLanguage":"es-CO"},{"@type":"Organization","@id":"https:\/\/ompabogados.com\/web\/#organization","name":"OMP","url":"https:\/\/ompabogados.com\/web\/","logo":{"@type":"ImageObject","inLanguage":"es-CO","@id":"https:\/\/ompabogados.com\/web\/#\/schema\/logo\/image\/","url":"https:\/\/ompabogados.com\/web\/wp-content\/uploads\/2018\/10\/cropped-logo-1.png","contentUrl":"https:\/\/ompabogados.com\/web\/wp-content\/uploads\/2018\/10\/cropped-logo-1.png","width":512,"height":512,"caption":"OMP"},"image":{"@id":"https:\/\/ompabogados.com\/web\/#\/schema\/logo\/image\/"},"sameAs":["https:\/\/www.facebook.com\/people\/OMP-Abogados\/100054283746706\/"]}]}},"_links":{"self":[{"href":"https:\/\/ompabogados.com\/web\/wp-json\/wp\/v2\/pages\/16083"}],"collection":[{"href":"https:\/\/ompabogados.com\/web\/wp-json\/wp\/v2\/pages"}],"about":[{"href":"https:\/\/ompabogados.com\/web\/wp-json\/wp\/v2\/types\/page"}],"author":[{"embeddable":true,"href":"https:\/\/ompabogados.com\/web\/wp-json\/wp\/v2\/users\/2"}],"replies":[{"embeddable":true,"href":"https:\/\/ompabogados.com\/web\/wp-json\/wp\/v2\/comments?post=16083"}],"version-history":[{"count":12,"href":"https:\/\/ompabogados.com\/web\/wp-json\/wp\/v2\/pages\/16083\/revisions"}],"predecessor-version":[{"id":17143,"href":"https:\/\/ompabogados.com\/web\/wp-json\/wp\/v2\/pages\/16083\/revisions\/17143"}],"wp:attachment":[{"href":"https:\/\/ompabogados.com\/web\/wp-json\/wp\/v2\/media?parent=16083"}],"curies":[{"name":"wp","href":"https:\/\/api.w.org\/{rel}","templated":true}]}}