{"id":16368,"date":"2023-04-26T12:29:42","date_gmt":"2023-04-26T17:29:42","guid":{"rendered":"https:\/\/ompabogados.com\/web\/?page_id=16368"},"modified":"2023-08-01T16:57:16","modified_gmt":"2023-08-01T21:57:16","slug":"katherin-padilla","status":"publish","type":"page","link":"https:\/\/ompabogados.com\/web\/katherin-padilla\/","title":{"rendered":"KATHERIN PADILLA"},"content":{"rendered":"<section class=\"wpb-content-wrapper\"><p>[vc_row full_width=&#8221;stretch_row_content_no_spaces&#8221;][vc_column width=&#8221;1\/2&#8243;][vc_single_image image=&#8221;17006&#8243; img_size=&#8221;full&#8221;][\/vc_column][vc_column width=&#8221;1\/2&#8243; css=&#8221;.vc_custom_1681836652183{margin-top: 30px !important;}&#8221;][vc_single_image image=&#8221;16250&#8243; img_size=&#8221;full&#8221; onclick=&#8221;custom_link&#8221; link=&#8221;https:\/\/ompabogados.com\/web\/equipo\/&#8221;][vc_single_image image=&#8221;17007&#8243; img_size=&#8221;full&#8221; alignment=&#8221;center&#8221; css=&#8221;.vc_custom_1690924960925{margin-right: 10px !important;margin-left: -240px !important;}&#8221;][vc_single_image image=&#8221;17298&#8243; img_size=&#8221;full&#8221; onclick=&#8221;custom_link&#8221; link=&#8221;https:\/\/www.linkedin.com\/in\/katherin-padilla-vergara\/&#8221;][vc_single_image image=&#8221;17009&#8243; img_size=&#8221;full&#8221;]<div class=\"ult_exp_section_layer ult-adjust-bottom-margin  \" >\n\t<div id=\"uvc-exp-wrap-6122\"   data-ultimate-target='#uvc-exp-wrap-6122'  data-responsive-json-new='{\"font-size\":\"desktop:20px;\",\"line-height\":\"desktop:20px;\"}'  class=\"ult_exp_section  ult-responsive \" style=\"color:#000000;background-color:rgba(0,0,0,0.01); font-weight:normal;  text-align:left;\" data-textcolor=\"#000000\"data-texthover=\"#000000\"data-icncolor=\"#333333\"data-ihover=\"#333333\"data-height=\"0\"data-cntbg=\"rgba(0,0,0,0.01)\"data-cnthvrbg=\"rgba(0,0,0,0.01)\"data-headerbg=\"rgba(0,0,0,0.01)\"data-headerhover=\"rgba(0,0,0,0.01)\"data-title=\"Reconocimientos\"data-newtitle=\"Reconocimientos\"data-icon=\"\"data-newicon=\"\"data-activeicon=\"#333333\"data-effect=\"slideToggle\"data-override=\"0\"data-activetitle=\"#000000\"data-activebg=\"rgba(0,0,0,0.01)\"data-img=\"https:\/\/ompabogados.com\/web\/wp-content\/uploads\/2018\/10\/Vector-5.png\"data-newimg=\"https:\/\/ompabogados.com\/web\/wp-content\/uploads\/2023\/04\/Vector-5-1.png\"><div class=\"ult_exp_section-main ult_expleft_icon\">\t<div class=\"ult-just-icon-wrapper ult_exp_icon\">\n\t\t\t\t\t<div class=\"align-icon \">\n\t\t\t\t\t\t\n<br><span class=\"aio-icon-img  ult_expsection_icon \" style=\"font-size:13px;\" >\n\t<img decoding=\"async\" class=\"img-icon ult_exp_img \" alt=\"null\" src=\"https:\/\/ompabogados.com\/web\/wp-content\/uploads\/2018\/10\/Vector-5.png\" \/>\n<\/span>\n\t\t\t\t\t<\/div>\n\t\t\t\t<\/div>\n\t\t\t\t<div class=\"ult_expheader\" >Reconocimientos\n\t\t\t\t<\/div>\n\t\t\t<\/div>\n\t\t<\/div><div class=\"ult_exp_content \" style=\"background-color:rgba(0,0,0,0.01);  \"><div class=\"ult_ecpsub_cont\" style=\" \" >[vc_single_image image=&#8221;17286&#8243; img_size=&#8221;full&#8221;]<\/div><\/div>\n\n\t\t\t<\/div><div class=\"ult_exp_section_layer ult-adjust-bottom-margin  \" >\n\t<div id=\"uvc-exp-wrap-2051\"   data-ultimate-target='#uvc-exp-wrap-2051'  data-responsive-json-new='{\"font-size\":\"desktop:20px;\",\"line-height\":\"desktop:20px;\"}'  class=\"ult_exp_section  ult-responsive \" style=\"color:#000000;background-color:rgba(0,0,0,0.01); font-weight:normal;  text-align:left;\" data-textcolor=\"#000000\"data-texthover=\"#000000\"data-icncolor=\"#333333\"data-ihover=\"#333333\"data-height=\"0\"data-cntbg=\"rgba(0,0,0,0.01)\"data-cnthvrbg=\"rgba(0,0,0,0.01)\"data-headerbg=\"rgba(0,0,0,0.01)\"data-headerhover=\"rgba(0,0,0,0.01)\"data-title=\"Hobbies\"data-newtitle=\"Hobbies\"data-icon=\"\"data-newicon=\"\"data-activeicon=\"#333333\"data-effect=\"slideToggle\"data-override=\"0\"data-activetitle=\"#000000\"data-activebg=\"rgba(0,0,0,0.01)\"data-img=\"https:\/\/ompabogados.com\/web\/wp-content\/uploads\/2018\/10\/Vector-5.png\"data-newimg=\"https:\/\/ompabogados.com\/web\/wp-content\/uploads\/2023\/04\/Vector-5-1.png\"><div class=\"ult_exp_section-main ult_expleft_icon\">\t<div class=\"ult-just-icon-wrapper ult_exp_icon\">\n\t\t\t\t\t<div class=\"align-icon \">\n\t\t\t\t\t\t\n<br><span class=\"aio-icon-img  ult_expsection_icon \" style=\"font-size:13px;\" >\n\t<img decoding=\"async\" class=\"img-icon ult_exp_img \" alt=\"null\" src=\"https:\/\/ompabogados.com\/web\/wp-content\/uploads\/2018\/10\/Vector-5.png\" \/>\n<\/span>\n\t\t\t\t\t<\/div>\n\t\t\t\t<\/div>\n\t\t\t\t<div class=\"ult_expheader\" >Hobbies\n\t\t\t\t<\/div>\n\t\t\t<\/div>\n\t\t<\/div><div class=\"ult_exp_content \" style=\"background-color:rgba(0,0,0,0.01);  \"><div class=\"ult_ecpsub_cont\" style=\" \" >[vc_single_image image=&#8221;17013&#8243; img_size=&#8221;full&#8221;]<\/div><\/div>\n\n\t\t\t<\/div>[\/vc_column][\/vc_row]<\/p>\n<\/section>","protected":false},"excerpt":{"rendered":"<p>[vc_row full_width=&#8221;stretch_row_content_no_spaces&#8221;][vc_column width=&#8221;1\/2&#8243;][vc_single_image image=&#8221;17006&#8243; img_size=&#8221;full&#8221;][\/vc_column][vc_column width=&#8221;1\/2&#8243; css=&#8221;.vc_custom_1681836652183{margin-top: 30px !important;}&#8221;][vc_single_image image=&#8221;16250&#8243; img_size=&#8221;full&#8221; onclick=&#8221;custom_link&#8221; link=&#8221;https:\/\/ompabogados.com\/web\/equipo\/&#8221;][vc_single_image image=&#8221;17007&#8243; img_size=&#8221;full&#8221; alignment=&#8221;center&#8221; css=&#8221;.vc_custom_1690924960925{margin-right: 10px !important;margin-left: -240px !important;}&#8221;][vc_single_image image=&#8221;17298&#8243; img_size=&#8221;full&#8221; onclick=&#8221;custom_link&#8221; link=&#8221;https:\/\/www.linkedin.com\/in\/katherin-padilla-vergara\/&#8221;][vc_single_image image=&#8221;17009&#8243; img_size=&#8221;full&#8221;][\/vc_column][\/vc_row]<\/p>\n","protected":false},"author":2,"featured_media":0,"parent":0,"menu_order":0,"comment_status":"closed","ping_status":"closed","template":"","meta":{"_joinchat":[],"footnotes":""},"yoast_head":"<!-- This site is optimized with the Yoast SEO plugin v20.8 - https:\/\/yoast.com\/wordpress\/plugins\/seo\/ -->\n<title>KATHERIN PADILLA - OMP<\/title>\n<meta name=\"robots\" content=\"index, follow, max-snippet:-1, max-image-preview:large, max-video-preview:-1\" \/>\n<link rel=\"canonical\" href=\"https:\/\/ompabogados.com\/web\/katherin-padilla\/\" \/>\n<meta property=\"og:locale\" content=\"es_ES\" \/>\n<meta property=\"og:type\" content=\"article\" \/>\n<meta property=\"og:title\" content=\"KATHERIN PADILLA - OMP\" \/>\n<meta property=\"og:description\" content=\"[vc_row full_width=&#8221;stretch_row_content_no_spaces&#8221;][vc_column width=&#8221;1\/2&#8243;][vc_single_image image=&#8221;17006&#8243; img_size=&#8221;full&#8221;][\/vc_column][vc_column width=&#8221;1\/2&#8243; css=&#8221;.vc_custom_1681836652183{margin-top: 30px !important;}&#8221;][vc_single_image image=&#8221;16250&#8243; img_size=&#8221;full&#8221; onclick=&#8221;custom_link&#8221; link=&#8221;https:\/\/ompabogados.com\/web\/equipo\/&#8221;][vc_single_image image=&#8221;17007&#8243; img_size=&#8221;full&#8221; alignment=&#8221;center&#8221; css=&#8221;.vc_custom_1690924960925{margin-right: 10px !important;margin-left: -240px !important;}&#8221;][vc_single_image image=&#8221;17298&#8243; img_size=&#8221;full&#8221; onclick=&#8221;custom_link&#8221; link=&#8221;https:\/\/www.linkedin.com\/in\/katherin-padilla-vergara\/&#8221;][vc_single_image image=&#8221;17009&#8243; img_size=&#8221;full&#8221;][\/vc_column][\/vc_row]\" \/>\n<meta property=\"og:url\" content=\"https:\/\/ompabogados.com\/web\/katherin-padilla\/\" \/>\n<meta property=\"og:site_name\" content=\"OMP\" \/>\n<meta property=\"article:publisher\" content=\"https:\/\/www.facebook.com\/people\/OMP-Abogados\/100054283746706\/\" \/>\n<meta property=\"article:modified_time\" content=\"2023-08-01T21:57:16+00:00\" \/>\n<meta name=\"twitter:card\" content=\"summary_large_image\" \/>\n<meta name=\"twitter:label1\" content=\"Tiempo estimado de lectura\" \/>\n\t<meta name=\"twitter:data1\" content=\"1 minuto\" \/>\n<script type=\"application\/ld+json\" class=\"yoast-schema-graph\">{\"@context\":\"https:\/\/schema.org\",\"@graph\":[{\"@type\":\"WebPage\",\"@id\":\"https:\/\/ompabogados.com\/web\/katherin-padilla\/\",\"url\":\"https:\/\/ompabogados.com\/web\/katherin-padilla\/\",\"name\":\"KATHERIN PADILLA - OMP\",\"isPartOf\":{\"@id\":\"https:\/\/ompabogados.com\/web\/#website\"},\"datePublished\":\"2023-04-26T17:29:42+00:00\",\"dateModified\":\"2023-08-01T21:57:16+00:00\",\"breadcrumb\":{\"@id\":\"https:\/\/ompabogados.com\/web\/katherin-padilla\/#breadcrumb\"},\"inLanguage\":\"es-CO\",\"potentialAction\":[{\"@type\":\"ReadAction\",\"target\":[\"https:\/\/ompabogados.com\/web\/katherin-padilla\/\"]}]},{\"@type\":\"BreadcrumbList\",\"@id\":\"https:\/\/ompabogados.com\/web\/katherin-padilla\/#breadcrumb\",\"itemListElement\":[{\"@type\":\"ListItem\",\"position\":1,\"name\":\"Inicio\",\"item\":\"https:\/\/ompabogados.com\/web\/\"},{\"@type\":\"ListItem\",\"position\":2,\"name\":\"KATHERIN PADILLA\"}]},{\"@type\":\"WebSite\",\"@id\":\"https:\/\/ompabogados.com\/web\/#website\",\"url\":\"https:\/\/ompabogados.com\/web\/\",\"name\":\"OMP\",\"description\":\"En OMP Abogados, con m\u00e1s de 40 a\u00f1os de experiencia, somos su aliado legal en derecho de seguros. Nos especializamos en brindar asesor\u00eda eficiente a aseguradoras en sectores como transporte, salud e industria. Gracias a nuestra trayectoria y al uso de tecnolog\u00edas avanzadas, garantizamos un servicio transparente y enfocado en la resoluci\u00f3n de conflictos.\",\"publisher\":{\"@id\":\"https:\/\/ompabogados.com\/web\/#organization\"},\"potentialAction\":[{\"@type\":\"SearchAction\",\"target\":{\"@type\":\"EntryPoint\",\"urlTemplate\":\"https:\/\/ompabogados.com\/web\/?s={search_term_string}\"},\"query-input\":\"required name=search_term_string\"}],\"inLanguage\":\"es-CO\"},{\"@type\":\"Organization\",\"@id\":\"https:\/\/ompabogados.com\/web\/#organization\",\"name\":\"OMP\",\"url\":\"https:\/\/ompabogados.com\/web\/\",\"logo\":{\"@type\":\"ImageObject\",\"inLanguage\":\"es-CO\",\"@id\":\"https:\/\/ompabogados.com\/web\/#\/schema\/logo\/image\/\",\"url\":\"https:\/\/ompabogados.com\/web\/wp-content\/uploads\/2018\/10\/cropped-logo-1.png\",\"contentUrl\":\"https:\/\/ompabogados.com\/web\/wp-content\/uploads\/2018\/10\/cropped-logo-1.png\",\"width\":512,\"height\":512,\"caption\":\"OMP\"},\"image\":{\"@id\":\"https:\/\/ompabogados.com\/web\/#\/schema\/logo\/image\/\"},\"sameAs\":[\"https:\/\/www.facebook.com\/people\/OMP-Abogados\/100054283746706\/\"]}]}<\/script>\n<!-- \/ Yoast SEO plugin. -->","yoast_head_json":{"title":"KATHERIN PADILLA - OMP","robots":{"index":"index","follow":"follow","max-snippet":"max-snippet:-1","max-image-preview":"max-image-preview:large","max-video-preview":"max-video-preview:-1"},"canonical":"https:\/\/ompabogados.com\/web\/katherin-padilla\/","og_locale":"es_ES","og_type":"article","og_title":"KATHERIN PADILLA - OMP","og_description":"[vc_row full_width=&#8221;stretch_row_content_no_spaces&#8221;][vc_column width=&#8221;1\/2&#8243;][vc_single_image image=&#8221;17006&#8243; img_size=&#8221;full&#8221;][\/vc_column][vc_column width=&#8221;1\/2&#8243; css=&#8221;.vc_custom_1681836652183{margin-top: 30px !important;}&#8221;][vc_single_image image=&#8221;16250&#8243; img_size=&#8221;full&#8221; onclick=&#8221;custom_link&#8221; link=&#8221;https:\/\/ompabogados.com\/web\/equipo\/&#8221;][vc_single_image image=&#8221;17007&#8243; img_size=&#8221;full&#8221; alignment=&#8221;center&#8221; css=&#8221;.vc_custom_1690924960925{margin-right: 10px !important;margin-left: -240px !important;}&#8221;][vc_single_image image=&#8221;17298&#8243; img_size=&#8221;full&#8221; onclick=&#8221;custom_link&#8221; link=&#8221;https:\/\/www.linkedin.com\/in\/katherin-padilla-vergara\/&#8221;][vc_single_image image=&#8221;17009&#8243; img_size=&#8221;full&#8221;][\/vc_column][\/vc_row]","og_url":"https:\/\/ompabogados.com\/web\/katherin-padilla\/","og_site_name":"OMP","article_publisher":"https:\/\/www.facebook.com\/people\/OMP-Abogados\/100054283746706\/","article_modified_time":"2023-08-01T21:57:16+00:00","twitter_card":"summary_large_image","twitter_misc":{"Tiempo estimado de lectura":"1 minuto"},"schema":{"@context":"https:\/\/schema.org","@graph":[{"@type":"WebPage","@id":"https:\/\/ompabogados.com\/web\/katherin-padilla\/","url":"https:\/\/ompabogados.com\/web\/katherin-padilla\/","name":"KATHERIN PADILLA - OMP","isPartOf":{"@id":"https:\/\/ompabogados.com\/web\/#website"},"datePublished":"2023-04-26T17:29:42+00:00","dateModified":"2023-08-01T21:57:16+00:00","breadcrumb":{"@id":"https:\/\/ompabogados.com\/web\/katherin-padilla\/#breadcrumb"},"inLanguage":"es-CO","potentialAction":[{"@type":"ReadAction","target":["https:\/\/ompabogados.com\/web\/katherin-padilla\/"]}]},{"@type":"BreadcrumbList","@id":"https:\/\/ompabogados.com\/web\/katherin-padilla\/#breadcrumb","itemListElement":[{"@type":"ListItem","position":1,"name":"Inicio","item":"https:\/\/ompabogados.com\/web\/"},{"@type":"ListItem","position":2,"name":"KATHERIN PADILLA"}]},{"@type":"WebSite","@id":"https:\/\/ompabogados.com\/web\/#website","url":"https:\/\/ompabogados.com\/web\/","name":"OMP","description":"En OMP Abogados, con m\u00e1s de 40 a\u00f1os de experiencia, somos su aliado legal en derecho de seguros. Nos especializamos en brindar asesor\u00eda eficiente a aseguradoras en sectores como transporte, salud e industria. Gracias a nuestra trayectoria y al uso de tecnolog\u00edas avanzadas, garantizamos un servicio transparente y enfocado en la resoluci\u00f3n de conflictos.","publisher":{"@id":"https:\/\/ompabogados.com\/web\/#organization"},"potentialAction":[{"@type":"SearchAction","target":{"@type":"EntryPoint","urlTemplate":"https:\/\/ompabogados.com\/web\/?s={search_term_string}"},"query-input":"required name=search_term_string"}],"inLanguage":"es-CO"},{"@type":"Organization","@id":"https:\/\/ompabogados.com\/web\/#organization","name":"OMP","url":"https:\/\/ompabogados.com\/web\/","logo":{"@type":"ImageObject","inLanguage":"es-CO","@id":"https:\/\/ompabogados.com\/web\/#\/schema\/logo\/image\/","url":"https:\/\/ompabogados.com\/web\/wp-content\/uploads\/2018\/10\/cropped-logo-1.png","contentUrl":"https:\/\/ompabogados.com\/web\/wp-content\/uploads\/2018\/10\/cropped-logo-1.png","width":512,"height":512,"caption":"OMP"},"image":{"@id":"https:\/\/ompabogados.com\/web\/#\/schema\/logo\/image\/"},"sameAs":["https:\/\/www.facebook.com\/people\/OMP-Abogados\/100054283746706\/"]}]}},"_links":{"self":[{"href":"https:\/\/ompabogados.com\/web\/wp-json\/wp\/v2\/pages\/16368"}],"collection":[{"href":"https:\/\/ompabogados.com\/web\/wp-json\/wp\/v2\/pages"}],"about":[{"href":"https:\/\/ompabogados.com\/web\/wp-json\/wp\/v2\/types\/page"}],"author":[{"embeddable":true,"href":"https:\/\/ompabogados.com\/web\/wp-json\/wp\/v2\/users\/2"}],"replies":[{"embeddable":true,"href":"https:\/\/ompabogados.com\/web\/wp-json\/wp\/v2\/comments?post=16368"}],"version-history":[{"count":9,"href":"https:\/\/ompabogados.com\/web\/wp-json\/wp\/v2\/pages\/16368\/revisions"}],"predecessor-version":[{"id":17303,"href":"https:\/\/ompabogados.com\/web\/wp-json\/wp\/v2\/pages\/16368\/revisions\/17303"}],"wp:attachment":[{"href":"https:\/\/ompabogados.com\/web\/wp-json\/wp\/v2\/media?parent=16368"}],"curies":[{"name":"wp","href":"https:\/\/api.w.org\/{rel}","templated":true}]}}