{"id":17908,"date":"2025-05-13T11:20:27","date_gmt":"2025-05-13T16:20:27","guid":{"rendered":"https:\/\/ompabogados.com\/web\/?page_id=17908"},"modified":"2025-05-13T11:22:34","modified_gmt":"2025-05-13T16:22:34","slug":"gina-diaz","status":"publish","type":"page","link":"https:\/\/ompabogados.com\/web\/gina-diaz\/","title":{"rendered":"Gina D\u00edaz"},"content":{"rendered":"<section class=\"wpb-content-wrapper\"><p>[vc_row full_width=&#8221;stretch_row_content_no_spaces&#8221;][vc_column width=&#8221;1\/2&#8243;][vc_single_image image=&#8221;17016&#8243; img_size=&#8221;full&#8221;][\/vc_column][vc_column width=&#8221;1\/2&#8243; css=&#8221;.vc_custom_1737806054911{margin-top: 30px !important;}&#8221; el_id=&#8221;right-column-vanessa-marquez&#8221;]<span id=\"creative-link-wrap-5439\" class=\"ult_main_cl ult-adjust-bottom-margin back-link \" >\n\t \t\t\t<span class=\"ult_cl_link_1  ult_crlink\" >\n\t\t\t\t\t<a  data-ultimate-target='#creative-link-wrap-5439 .ult_colorlink'  data-responsive-json-new='{\"font-size\":\"\",\"line-height\":\"\"}'  href=\"https:\/\/ompabogados.com\/web\/equipo\/\" title=\"Volver\"  class=\"ult_colorlink ult-responsive \" style=\"font-weight:normal;color:; \"  data-textcolor=\"\" data-texthover=\"\"data-style=\"Style_1\">\n\t\t\t\t\t\t\n\t\t\t\t\t\t<span data-hover=\"Volver\" style=\"color:;;;\" class=\"ult_btn10_span   \">Volver<\/span>\n\t\t\t\t\t\t\n\t\t\t\t\t<\/a>\n\t\t\t\t<\/span>\n\t\t\t<\/span><h2 class='member-name'><span>Gina D\u00edaz<\/span><\/h2>[vc_row_inner][vc_column_inner el_class=&#8221;linkedin-button&#8221;][vc_wp_text el_class=&#8221;linkedin-button&#8221;]<a href=\"https:\/\/www.linkedin.com\/in\/gina-diaz-monterrosa-82a91016b\/\"><img loading=\"lazy\" decoding=\"async\" class=\"alignnone size-full wp-image-17641\" src=\"https:\/\/ompabogados.com\/web\/wp-content\/uploads\/2025\/01\/right-1.png\" alt=\"\" width=\"18\" height=\"18\" \/>Analista Contable y Administrativa<img loading=\"lazy\" decoding=\"async\" class=\"alignnone size-full wp-image-17636 linkedin-icon\" src=\"https:\/\/ompabogados.com\/web\/wp-content\/uploads\/2025\/01\/linkedin-1.png\" alt=\"\" width=\"21\" height=\"21\" \/><\/a>[\/vc_wp_text][\/vc_column_inner][\/vc_row_inner][vc_column_text el_class=&#8221;member-description&#8221;]Contadora de la Universidad del Norte con Diplomado en Actualizaci\u00f3n Tributaria[\/vc_column_text]<div class=\"ult_exp_section_layer ult-adjust-bottom-margin expandable-section\" >\n\t<div id=\"uvc-exp-wrap-8335\"   data-ultimate-target='#uvc-exp-wrap-8335'  data-responsive-json-new='{\"font-size\":\"desktop:20px;\",\"line-height\":\"desktop:20px;\"}'  class=\"ult_exp_section  ult-responsive \" style=\"color:#333333;background-color:#dbdbdb; font-weight:normal;  text-align:center;\" data-textcolor=\"#333333\"data-texthover=\"#333333\"data-icncolor=\"#333333\"data-ihover=\"#333333\"data-height=\"0\"data-cntbg=\"#dbdbdb\"data-cnthvrbg=\"#e5e5e5\"data-headerbg=\"#dbdbdb\"data-headerhover=\"#e5e5e5\"data-title=\"Hobbies\"data-newtitle=\"Hobbies\"data-icon=\"\"data-newicon=\"\"data-activeicon=\"#333333\"data-effect=\"slideToggle\"data-override=\"0\"data-activetitle=\"#333333\"data-activebg=\"#dbdbdb\"data-img=\"https:\/\/ompabogados.com\/web\/wp-content\/uploads\/2025\/01\/right-1.png\"data-newimg=\"https:\/\/ompabogados.com\/web\/wp-content\/uploads\/2025\/01\/down.png\"><div class=\"ult_exp_section-main ult_expleft_icon\">\t<div class=\"ult-just-icon-wrapper ult_exp_icon\">\n\t\t\t\t\t<div class=\"align-icon \">\n\t\t\t\t\t\t\n<br><span class=\"aio-icon-img  ult_expsection_icon \" style=\"font-size:18px;\" >\n\t<img decoding=\"async\" class=\"img-icon ult_exp_img \" alt=\"null\" src=\"https:\/\/ompabogados.com\/web\/wp-content\/uploads\/2025\/01\/right-1.png\" \/>\n<\/span>\n\t\t\t\t\t<\/div>\n\t\t\t\t<\/div>\n\t\t\t\t<div class=\"ult_expheader\" >Hobbies\n\t\t\t\t<\/div>\n\t\t\t<\/div>\n\t\t<\/div><div class=\"ult_exp_content \" style=\"background-color:#dbdbdb;  \"><div class=\"ult_ecpsub_cont\" style=\" \" ><div class=\"smile_icon_list_wrap ult_info_list_container ult-adjust-bottom-margin info-list \"><ul class=\"smile_icon_list left square with_bg\"><li class=\"icon_list_item\" style=\" font-size:72px;\"><div class=\"icon_list_icon\" data-animation=\"\" data-animation-delay=\"03\" style=\"font-size:24px;border-width:1px;border-style:none;background:;color:;border-color:#333333;\"><i class=\"\" ><\/i><\/div><div class=\"icon_description\" id=\"Info-list-wrap-6178\" style=\"font-size:24px;\"><div class=\"icon_description_text ult-responsive\"  data-ultimate-target='#Info-list-wrap-6178 .icon_description_text'  data-responsive-json-new='{\"font-size\":\"desktop:13px;\",\"line-height\":\"desktop:18px;\"}'  style=\"\"><p>Ir a la playa.<\/p>\n<\/div><\/div><div class=\"icon_list_connector\"  style=\"border: none !important;\"><\/div><\/li><li class=\"icon_list_item\" style=\" font-size:72px;\"><div class=\"icon_list_icon\" data-animation=\"\" data-animation-delay=\"03\" style=\"font-size:24px;border-width:1px;border-style:none;background:;color:;border-color:#333333;\"><i class=\"\" ><\/i><\/div><div class=\"icon_description\" id=\"Info-list-wrap-1096\" style=\"font-size:24px;\"><div class=\"icon_description_text ult-responsive\"  data-ultimate-target='#Info-list-wrap-1096 .icon_description_text'  data-responsive-json-new='{\"font-size\":\"desktop:13px;\",\"line-height\":\"desktop:18px;\"}'  style=\"\"><p>Leer.<\/p>\n<\/div><\/div><div class=\"icon_list_connector\"  style=\"border: none !important;\"><\/div><\/li><li class=\"icon_list_item\" style=\" font-size:72px;\"><div class=\"icon_list_icon\" data-animation=\"\" data-animation-delay=\"03\" style=\"font-size:24px;border-width:1px;border-style:none;background:;color:;border-color:#333333;\"><i class=\"\" ><\/i><\/div><div class=\"icon_description\" id=\"Info-list-wrap-4103\" style=\"font-size:24px;\"><div class=\"icon_description_text ult-responsive\"  data-ultimate-target='#Info-list-wrap-4103 .icon_description_text'  data-responsive-json-new='{\"font-size\":\"desktop:13px;\",\"line-height\":\"desktop:18px;\"}'  style=\"\"><p>Pasar tiempo con mi familia.<\/p>\n<\/div><\/div><div class=\"icon_list_connector\"  style=\"border: none !important;\"><\/div><\/li><li class=\"icon_list_item\" style=\" font-size:72px;\"><div class=\"icon_list_icon\" data-animation=\"\" data-animation-delay=\"03\" style=\"font-size:24px;border-width:1px;border-style:none;background:;color:;border-color:#333333;\"><i class=\"\" ><\/i><\/div><div class=\"icon_description\" id=\"Info-list-wrap-6496\" style=\"font-size:24px;\"><div class=\"icon_description_text ult-responsive\"  data-ultimate-target='#Info-list-wrap-6496 .icon_description_text'  data-responsive-json-new='{\"font-size\":\"desktop:13px;\",\"line-height\":\"desktop:18px;\"}'  style=\"\"><p>Amante de la m\u00fasica.<\/p>\n<\/div><\/div><div class=\"icon_list_connector\"  style=\"border: none !important;\"><\/div><\/li><\/ul><\/div><\/div><\/div>\n\n\t\t\t<\/div>[\/vc_column][\/vc_row]<\/p>\n<\/section>","protected":false},"excerpt":{"rendered":"<p>[vc_row full_width=&#8221;stretch_row_content_no_spaces&#8221;][vc_column width=&#8221;1\/2&#8243;][vc_single_image image=&#8221;17016&#8243; img_size=&#8221;full&#8221;][\/vc_column][vc_column width=&#8221;1\/2&#8243; css=&#8221;.vc_custom_1737806054911{margin-top: 30px !important;}&#8221; el_id=&#8221;right-column-vanessa-marquez&#8221;][vc_row_inner][vc_column_inner el_class=&#8221;linkedin-button&#8221;][vc_wp_text el_class=&#8221;linkedin-button&#8221;]Analista Contable y Administrativa[\/vc_wp_text][\/vc_column_inner][\/vc_row_inner][vc_column_text el_class=&#8221;member-description&#8221;]Contadora de la Universidad del Norte con Diplomado en Actualizaci\u00f3n Tributaria[\/vc_column_text][\/vc_column][\/vc_row]<\/p>\n","protected":false},"author":3,"featured_media":0,"parent":0,"menu_order":0,"comment_status":"closed","ping_status":"closed","template":"","meta":{"_joinchat":[],"footnotes":""},"yoast_head":"<!-- This site is optimized with the Yoast SEO plugin v20.8 - https:\/\/yoast.com\/wordpress\/plugins\/seo\/ -->\n<title>Gina D\u00edaz - OMP<\/title>\n<meta name=\"robots\" content=\"index, follow, max-snippet:-1, max-image-preview:large, max-video-preview:-1\" \/>\n<link rel=\"canonical\" href=\"https:\/\/ompabogados.com\/web\/gina-diaz\/\" \/>\n<meta property=\"og:locale\" content=\"es_ES\" \/>\n<meta property=\"og:type\" content=\"article\" \/>\n<meta property=\"og:title\" content=\"Gina D\u00edaz - OMP\" \/>\n<meta property=\"og:description\" content=\"[vc_row full_width=&#8221;stretch_row_content_no_spaces&#8221;][vc_column width=&#8221;1\/2&#8243;][vc_single_image image=&#8221;17016&#8243; img_size=&#8221;full&#8221;][\/vc_column][vc_column width=&#8221;1\/2&#8243; css=&#8221;.vc_custom_1737806054911{margin-top: 30px !important;}&#8221; el_id=&#8221;right-column-vanessa-marquez&#8221;][vc_row_inner][vc_column_inner el_class=&#8221;linkedin-button&#8221;][vc_wp_text el_class=&#8221;linkedin-button&#8221;]Analista Contable y Administrativa[\/vc_wp_text][\/vc_column_inner][\/vc_row_inner][vc_column_text el_class=&#8221;member-description&#8221;]Contadora de la Universidad del Norte con Diplomado en Actualizaci\u00f3n Tributaria[\/vc_column_text][\/vc_column][\/vc_row]\" \/>\n<meta property=\"og:url\" content=\"https:\/\/ompabogados.com\/web\/gina-diaz\/\" \/>\n<meta property=\"og:site_name\" content=\"OMP\" \/>\n<meta property=\"article:publisher\" content=\"https:\/\/www.facebook.com\/people\/OMP-Abogados\/100054283746706\/\" \/>\n<meta property=\"article:modified_time\" content=\"2025-05-13T16:22:34+00:00\" \/>\n<meta property=\"og:image\" content=\"https:\/\/ompabogados.com\/web\/wp-content\/uploads\/2025\/01\/right-1.png\" \/>\n<meta name=\"twitter:card\" content=\"summary_large_image\" \/>\n<meta name=\"twitter:label1\" content=\"Tiempo estimado de lectura\" \/>\n\t<meta name=\"twitter:data1\" content=\"1 minuto\" \/>\n<script type=\"application\/ld+json\" class=\"yoast-schema-graph\">{\"@context\":\"https:\/\/schema.org\",\"@graph\":[{\"@type\":\"WebPage\",\"@id\":\"https:\/\/ompabogados.com\/web\/gina-diaz\/\",\"url\":\"https:\/\/ompabogados.com\/web\/gina-diaz\/\",\"name\":\"Gina D\u00edaz - OMP\",\"isPartOf\":{\"@id\":\"https:\/\/ompabogados.com\/web\/#website\"},\"datePublished\":\"2025-05-13T16:20:27+00:00\",\"dateModified\":\"2025-05-13T16:22:34+00:00\",\"breadcrumb\":{\"@id\":\"https:\/\/ompabogados.com\/web\/gina-diaz\/#breadcrumb\"},\"inLanguage\":\"es-CO\",\"potentialAction\":[{\"@type\":\"ReadAction\",\"target\":[\"https:\/\/ompabogados.com\/web\/gina-diaz\/\"]}]},{\"@type\":\"BreadcrumbList\",\"@id\":\"https:\/\/ompabogados.com\/web\/gina-diaz\/#breadcrumb\",\"itemListElement\":[{\"@type\":\"ListItem\",\"position\":1,\"name\":\"Inicio\",\"item\":\"https:\/\/ompabogados.com\/web\/\"},{\"@type\":\"ListItem\",\"position\":2,\"name\":\"Gina D\u00edaz\"}]},{\"@type\":\"WebSite\",\"@id\":\"https:\/\/ompabogados.com\/web\/#website\",\"url\":\"https:\/\/ompabogados.com\/web\/\",\"name\":\"OMP\",\"description\":\"En OMP Abogados, con m\u00e1s de 40 a\u00f1os de experiencia, somos su aliado legal en derecho de seguros. Nos especializamos en brindar asesor\u00eda eficiente a aseguradoras en sectores como transporte, salud e industria. Gracias a nuestra trayectoria y al uso de tecnolog\u00edas avanzadas, garantizamos un servicio transparente y enfocado en la resoluci\u00f3n de conflictos.\",\"publisher\":{\"@id\":\"https:\/\/ompabogados.com\/web\/#organization\"},\"potentialAction\":[{\"@type\":\"SearchAction\",\"target\":{\"@type\":\"EntryPoint\",\"urlTemplate\":\"https:\/\/ompabogados.com\/web\/?s={search_term_string}\"},\"query-input\":\"required name=search_term_string\"}],\"inLanguage\":\"es-CO\"},{\"@type\":\"Organization\",\"@id\":\"https:\/\/ompabogados.com\/web\/#organization\",\"name\":\"OMP\",\"url\":\"https:\/\/ompabogados.com\/web\/\",\"logo\":{\"@type\":\"ImageObject\",\"inLanguage\":\"es-CO\",\"@id\":\"https:\/\/ompabogados.com\/web\/#\/schema\/logo\/image\/\",\"url\":\"https:\/\/ompabogados.com\/web\/wp-content\/uploads\/2018\/10\/cropped-logo-1.png\",\"contentUrl\":\"https:\/\/ompabogados.com\/web\/wp-content\/uploads\/2018\/10\/cropped-logo-1.png\",\"width\":512,\"height\":512,\"caption\":\"OMP\"},\"image\":{\"@id\":\"https:\/\/ompabogados.com\/web\/#\/schema\/logo\/image\/\"},\"sameAs\":[\"https:\/\/www.facebook.com\/people\/OMP-Abogados\/100054283746706\/\"]}]}<\/script>\n<!-- \/ Yoast SEO plugin. -->","yoast_head_json":{"title":"Gina D\u00edaz - OMP","robots":{"index":"index","follow":"follow","max-snippet":"max-snippet:-1","max-image-preview":"max-image-preview:large","max-video-preview":"max-video-preview:-1"},"canonical":"https:\/\/ompabogados.com\/web\/gina-diaz\/","og_locale":"es_ES","og_type":"article","og_title":"Gina D\u00edaz - OMP","og_description":"[vc_row full_width=&#8221;stretch_row_content_no_spaces&#8221;][vc_column width=&#8221;1\/2&#8243;][vc_single_image image=&#8221;17016&#8243; img_size=&#8221;full&#8221;][\/vc_column][vc_column width=&#8221;1\/2&#8243; css=&#8221;.vc_custom_1737806054911{margin-top: 30px !important;}&#8221; el_id=&#8221;right-column-vanessa-marquez&#8221;][vc_row_inner][vc_column_inner el_class=&#8221;linkedin-button&#8221;][vc_wp_text el_class=&#8221;linkedin-button&#8221;]Analista Contable y Administrativa[\/vc_wp_text][\/vc_column_inner][\/vc_row_inner][vc_column_text el_class=&#8221;member-description&#8221;]Contadora de la Universidad del Norte con Diplomado en Actualizaci\u00f3n Tributaria[\/vc_column_text][\/vc_column][\/vc_row]","og_url":"https:\/\/ompabogados.com\/web\/gina-diaz\/","og_site_name":"OMP","article_publisher":"https:\/\/www.facebook.com\/people\/OMP-Abogados\/100054283746706\/","article_modified_time":"2025-05-13T16:22:34+00:00","og_image":[{"url":"https:\/\/ompabogados.com\/web\/wp-content\/uploads\/2025\/01\/right-1.png"}],"twitter_card":"summary_large_image","twitter_misc":{"Tiempo estimado de lectura":"1 minuto"},"schema":{"@context":"https:\/\/schema.org","@graph":[{"@type":"WebPage","@id":"https:\/\/ompabogados.com\/web\/gina-diaz\/","url":"https:\/\/ompabogados.com\/web\/gina-diaz\/","name":"Gina D\u00edaz - OMP","isPartOf":{"@id":"https:\/\/ompabogados.com\/web\/#website"},"datePublished":"2025-05-13T16:20:27+00:00","dateModified":"2025-05-13T16:22:34+00:00","breadcrumb":{"@id":"https:\/\/ompabogados.com\/web\/gina-diaz\/#breadcrumb"},"inLanguage":"es-CO","potentialAction":[{"@type":"ReadAction","target":["https:\/\/ompabogados.com\/web\/gina-diaz\/"]}]},{"@type":"BreadcrumbList","@id":"https:\/\/ompabogados.com\/web\/gina-diaz\/#breadcrumb","itemListElement":[{"@type":"ListItem","position":1,"name":"Inicio","item":"https:\/\/ompabogados.com\/web\/"},{"@type":"ListItem","position":2,"name":"Gina D\u00edaz"}]},{"@type":"WebSite","@id":"https:\/\/ompabogados.com\/web\/#website","url":"https:\/\/ompabogados.com\/web\/","name":"OMP","description":"En OMP Abogados, con m\u00e1s de 40 a\u00f1os de experiencia, somos su aliado legal en derecho de seguros. Nos especializamos en brindar asesor\u00eda eficiente a aseguradoras en sectores como transporte, salud e industria. Gracias a nuestra trayectoria y al uso de tecnolog\u00edas avanzadas, garantizamos un servicio transparente y enfocado en la resoluci\u00f3n de conflictos.","publisher":{"@id":"https:\/\/ompabogados.com\/web\/#organization"},"potentialAction":[{"@type":"SearchAction","target":{"@type":"EntryPoint","urlTemplate":"https:\/\/ompabogados.com\/web\/?s={search_term_string}"},"query-input":"required name=search_term_string"}],"inLanguage":"es-CO"},{"@type":"Organization","@id":"https:\/\/ompabogados.com\/web\/#organization","name":"OMP","url":"https:\/\/ompabogados.com\/web\/","logo":{"@type":"ImageObject","inLanguage":"es-CO","@id":"https:\/\/ompabogados.com\/web\/#\/schema\/logo\/image\/","url":"https:\/\/ompabogados.com\/web\/wp-content\/uploads\/2018\/10\/cropped-logo-1.png","contentUrl":"https:\/\/ompabogados.com\/web\/wp-content\/uploads\/2018\/10\/cropped-logo-1.png","width":512,"height":512,"caption":"OMP"},"image":{"@id":"https:\/\/ompabogados.com\/web\/#\/schema\/logo\/image\/"},"sameAs":["https:\/\/www.facebook.com\/people\/OMP-Abogados\/100054283746706\/"]}]}},"_links":{"self":[{"href":"https:\/\/ompabogados.com\/web\/wp-json\/wp\/v2\/pages\/17908"}],"collection":[{"href":"https:\/\/ompabogados.com\/web\/wp-json\/wp\/v2\/pages"}],"about":[{"href":"https:\/\/ompabogados.com\/web\/wp-json\/wp\/v2\/types\/page"}],"author":[{"embeddable":true,"href":"https:\/\/ompabogados.com\/web\/wp-json\/wp\/v2\/users\/3"}],"replies":[{"embeddable":true,"href":"https:\/\/ompabogados.com\/web\/wp-json\/wp\/v2\/comments?post=17908"}],"version-history":[{"count":2,"href":"https:\/\/ompabogados.com\/web\/wp-json\/wp\/v2\/pages\/17908\/revisions"}],"predecessor-version":[{"id":17910,"href":"https:\/\/ompabogados.com\/web\/wp-json\/wp\/v2\/pages\/17908\/revisions\/17910"}],"wp:attachment":[{"href":"https:\/\/ompabogados.com\/web\/wp-json\/wp\/v2\/media?parent=17908"}],"curies":[{"name":"wp","href":"https:\/\/api.w.org\/{rel}","templated":true}]}}